
{"id":623,"date":"2021-07-18T14:02:25","date_gmt":"2021-07-18T14:02:25","guid":{"rendered":"https:\/\/livewp.site\/wp\/md\/ewebot\/about-us\/"},"modified":"2024-12-12T08:49:31","modified_gmt":"2024-12-12T08:49:31","slug":"hakkimizda","status":"publish","type":"page","link":"https:\/\/coniasoft.com\/en\/hakkimizda\/","title":{"rendered":"About Us"},"content":{"rendered":"<div data-elementor-type=\"wp-post\" data-elementor-id=\"623\" class=\"elementor elementor-623\" data-elementor-post-type=\"page\">\n\t\t\t\t\t\t<section class=\"elementor-section elementor-top-section elementor-element elementor-element-4d22e5b elementor-section-boxed elementor-section-height-default elementor-section-height-default\" data-id=\"4d22e5b\" data-element_type=\"section\">\n\t\t\t\t\t\t<div class=\"elementor-container elementor-column-gap-default\">\n\t\t\t\t\t<div class=\"elementor-column elementor-col-50 elementor-top-column elementor-element elementor-element-7fb25f4\" data-id=\"7fb25f4\" data-element_type=\"column\">\n\t\t\t<div class=\"elementor-widget-wrap elementor-element-populated\">\n\t\t\t\t\t\t<div class=\"elementor-element elementor-element-448c001 elementor-widget elementor-widget-spacer\" data-id=\"448c001\" data-element_type=\"widget\" data-widget_type=\"spacer.default\">\n\t\t\t\t<div class=\"elementor-widget-container\">\n\t\t\t\t\t<div class=\"elementor-spacer\">\n\t\t\t<div class=\"elementor-spacer-inner\"><\/div>\n\t\t<\/div>\n\t\t\t\t<\/div>\n\t\t\t\t<\/div>\n\t\t\t\t<div class=\"elementor-element elementor-element-9d1bde5 elementor-widget elementor-widget-heading\" data-id=\"9d1bde5\" data-element_type=\"widget\" data-widget_type=\"heading.default\">\n\t\t\t\t<div class=\"elementor-widget-container\">\n\t\t\t<h2 class=\"elementor-heading-title elementor-size-default\">Who We Are<\/h2>\t\t<\/div>\n\t\t\t\t<\/div>\n\t\t\t\t<div class=\"elementor-element elementor-element-5b96b22 elementor-widget elementor-widget-text-editor\" data-id=\"5b96b22\" data-element_type=\"widget\" data-widget_type=\"text-editor.default\">\n\t\t\t\t<div class=\"elementor-widget-container\">\n\t\t\t\t\t\t\t<p>ConiaSoft, a <a style=\"color: #f47514;\" href=\"http:\/\/www.pth.global\" target=\"_blank\" rel=\"noopener\">Perfect Timing Holding Software<\/a> Technologies Corporation.<\/p><p>ConiaSoft has futuristic engineering wonders; It is a Turkish global Software Technologies Company consisting of German, Indian, American, African, Russian and Turkish Software Developers, Designers and Engineers.<\/p><p>ConiaSoft, since 2001 <a style=\"color: #f47514;\" href=\"http:\/\/www.ptt.technology\" target=\"_blank\" rel=\"noopener\">Perfect Timing Technologies,<\/a> Solutions, digital marketing, software, providing the most perfect solutions according to the needs of its customers in every field of future technologies, developed, producing 100% and also a Perfect Timing Holding subsidiary,<\/p><p><a style=\"color: #f47514;\" href=\"http:\/\/www.ptt.technology\" target=\"_blank\" rel=\"noopener\">Perfect Timing Technologies<\/a> It develops and produces 100% for the international market future technologies that are safe, easy to use, improve and facilitate human life.<\/p>\t\t\t\t\t\t<\/div>\n\t\t\t\t<\/div>\n\t\t\t\t\t<\/div>\n\t\t<\/div>\n\t\t\t\t<div class=\"elementor-column elementor-col-50 elementor-top-column elementor-element elementor-element-0c2a7a7\" data-id=\"0c2a7a7\" data-element_type=\"column\" data-settings=\"{&quot;background_background&quot;:&quot;classic&quot;}\">\n\t\t\t<div class=\"elementor-widget-wrap elementor-element-populated\">\n\t\t\t\t\t\t<section class=\"elementor-section elementor-inner-section elementor-element elementor-element-7e30dea elementor-section-boxed elementor-section-height-default elementor-section-height-default\" data-id=\"7e30dea\" data-element_type=\"section\">\n\t\t\t\t\t\t<div class=\"elementor-container elementor-column-gap-default\">\n\t\t\t\t\t<div class=\"elementor-column elementor-col-100 elementor-inner-column elementor-element elementor-element-bde062d\" data-id=\"bde062d\" data-element_type=\"column\">\n\t\t\t<div class=\"elementor-widget-wrap elementor-element-populated\">\n\t\t\t\t\t\t<div class=\"elementor-element elementor-element-26508fc elementor-widget elementor-widget-spacer\" data-id=\"26508fc\" data-element_type=\"widget\" data-widget_type=\"spacer.default\">\n\t\t\t\t<div class=\"elementor-widget-container\">\n\t\t\t\t\t<div class=\"elementor-spacer\">\n\t\t\t<div class=\"elementor-spacer-inner\"><\/div>\n\t\t<\/div>\n\t\t\t\t<\/div>\n\t\t\t\t<\/div>\n\t\t\t\t<div class=\"elementor-element elementor-element-0b474d8 elementor-widget elementor-widget-spacer\" data-id=\"0b474d8\" data-element_type=\"widget\" data-widget_type=\"spacer.default\">\n\t\t\t\t<div class=\"elementor-widget-container\">\n\t\t\t\t\t<div class=\"elementor-spacer\">\n\t\t\t<div class=\"elementor-spacer-inner\"><\/div>\n\t\t<\/div>\n\t\t\t\t<\/div>\n\t\t\t\t<\/div>\n\t\t\t\t<div class=\"elementor-element elementor-element-9386803 elementor-widget elementor-widget-image\" data-id=\"9386803\" data-element_type=\"widget\" data-widget_type=\"image.default\">\n\t\t\t\t<div class=\"elementor-widget-container\">\n\t\t\t\t\t\t\t\t\t\t\t\t\t<img fetchpriority=\"high\" decoding=\"async\" width=\"678\" height=\"505\" src=\"https:\/\/coniasoft.com\/wp-content\/uploads\/2023\/06\/6.png\" class=\"attachment-full size-full wp-image-14216\" alt=\"\" srcset=\"https:\/\/coniasoft.com\/wp-content\/uploads\/2023\/06\/6.png 678w, https:\/\/coniasoft.com\/wp-content\/uploads\/2023\/06\/6-300x223.png 300w, https:\/\/coniasoft.com\/wp-content\/uploads\/2023\/06\/6-480x358.png 480w\" sizes=\"(max-width: 678px) 100vw, 678px\" title=\"6\" \/>\t\t\t\t\t\t\t\t\t\t\t\t\t<\/div>\n\t\t\t\t<\/div>\n\t\t\t\t\t<\/div>\n\t\t<\/div>\n\t\t\t\t\t<\/div>\n\t\t<\/section>\n\t\t\t\t\t<\/div>\n\t\t<\/div>\n\t\t\t\t\t<\/div>\n\t\t<\/section>\n\t\t\t\t<section class=\"elementor-section elementor-top-section elementor-element elementor-element-2b4ee47 elementor-section-boxed elementor-section-height-default elementor-section-height-default\" data-id=\"2b4ee47\" data-element_type=\"section\">\n\t\t\t\t\t\t<div class=\"elementor-container elementor-column-gap-default\">\n\t\t\t\t\t<div class=\"elementor-column elementor-col-100 elementor-top-column elementor-element elementor-element-b449286\" data-id=\"b449286\" data-element_type=\"column\">\n\t\t\t<div class=\"elementor-widget-wrap elementor-element-populated\">\n\t\t\t\t\t\t<div class=\"elementor-element elementor-element-8d112ec elementor-widget elementor-widget-text-editor\" data-id=\"8d112ec\" data-element_type=\"widget\" data-widget_type=\"text-editor.default\">\n\t\t\t\t<div class=\"elementor-widget-container\">\n\t\t\t\t\t\t\t<p>ConiaSoft works with a group of professional individuals and expert team leaders to better serve businesses in every project.<\/p><p>We, the ConiaSoft team, dedicate our time and efforts to creating, providing and delivering the best and most diverse IT solutions to our customers around the world, from software development to digital marketing solutions.<\/p><p>All ConiaSoft Programs are 100% designed, coded, programmed, developed and produced by ConiaSoft software engineers.<\/p><p>ConiaSoft is a software company that carries its own brand and offers Enterprise Resource Planning (ERP) software packages for every industry.<\/p><p>ConiaSoft's ERP software packages are recoded according to the needs of each customer, providing a platform for business growth.<\/p><p>We are committed to providing industry-based software solutions according to the ever-changing technology, with ConiaSoft's motto of \"Up-to-date, comprehensive and suitable programs for every need\".<\/p><p>We offer software solutions that enable businesses to adapt quickly to the rapidly changing and developing business world.<\/p><p>In this context, our ERP software packages cover many processes in the business world such as finance, supply chain management and customer relationship management.<\/p><p>We offer the solution of all needs from a single point with all software supported by artificial intelligence and machine learning belonging to ConiaSoft.<\/p><p>Tailor-made IT solutions and digital solutions to help companies increase their digital assets\nWe offer marketing services.<\/p><div>\u00a0<\/div>\t\t\t\t\t\t<\/div>\n\t\t\t\t<\/div>\n\t\t\t\t\t<\/div>\n\t\t<\/div>\n\t\t\t\t\t<\/div>\n\t\t<\/section>\n\t\t\t\t<section class=\"elementor-section elementor-top-section elementor-element elementor-element-fdce891 elementor-section-boxed elementor-section-height-default elementor-section-height-default\" data-id=\"fdce891\" data-element_type=\"section\">\n\t\t\t\t\t\t<div class=\"elementor-container elementor-column-gap-default\">\n\t\t\t\t\t<div class=\"elementor-column elementor-col-100 elementor-top-column elementor-element elementor-element-1af60a1\" data-id=\"1af60a1\" data-element_type=\"column\">\n\t\t\t<div class=\"elementor-widget-wrap elementor-element-populated\">\n\t\t\t\t\t\t<div class=\"elementor-element elementor-element-77a434c elementor-widget elementor-widget-heading\" data-id=\"77a434c\" data-element_type=\"widget\" data-widget_type=\"heading.default\">\n\t\t\t\t<div class=\"elementor-widget-container\">\n\t\t\t<h2 class=\"elementor-heading-title elementor-size-default\">ConiaSoft Software Packages<\/h2>\t\t<\/div>\n\t\t\t\t<\/div>\n\t\t\t\t\t<\/div>\n\t\t<\/div>\n\t\t\t\t\t<\/div>\n\t\t<\/section>\n\t\t\t\t<section class=\"elementor-section elementor-top-section elementor-element elementor-element-b9d50d8 elementor-hidden-desktop elementor-hidden-tablet elementor-hidden-phone elementor-section-boxed elementor-section-height-default elementor-section-height-default\" data-id=\"b9d50d8\" data-element_type=\"section\">\n\t\t\t\t\t\t<div class=\"elementor-container elementor-column-gap-default\">\n\t\t\t\t\t<div class=\"elementor-column elementor-col-33 elementor-top-column elementor-element elementor-element-f6f7644\" data-id=\"f6f7644\" data-element_type=\"column\">\n\t\t\t<div class=\"elementor-widget-wrap elementor-element-populated\">\n\t\t\t\t\t\t<div class=\"elementor-element elementor-element-4cc2098 elementor-icon-list--layout-traditional elementor-list-item-link-full_width elementor-widget elementor-widget-icon-list\" data-id=\"4cc2098\" data-element_type=\"widget\" data-widget_type=\"icon-list.default\">\n\t\t\t\t<div class=\"elementor-widget-container\">\n\t\t\t\t\t<ul class=\"elementor-icon-list-items\">\n\t\t\t\t\t\t\t<li class=\"elementor-icon-list-item\">\n\t\t\t\t\t\t\t\t\t\t<span class=\"elementor-icon-list-text\">ConiaSoft Accounting<\/span>\n\t\t\t\t\t\t\t\t\t<\/li>\n\t\t\t\t\t\t\t\t<li class=\"elementor-icon-list-item\">\n\t\t\t\t\t\t\t\t\t\t<span class=\"elementor-icon-list-text\">ConiaSoft  Audit<\/span>\n\t\t\t\t\t\t\t\t\t<\/li>\n\t\t\t\t\t\t\t\t<li class=\"elementor-icon-list-item\">\n\t\t\t\t\t\t\t\t\t\t<span class=\"elementor-icon-list-text\">ConiaSoft Banking<\/span>\n\t\t\t\t\t\t\t\t\t<\/li>\n\t\t\t\t\t\t\t\t<li class=\"elementor-icon-list-item\">\n\t\t\t\t\t\t\t\t\t\t<span class=\"elementor-icon-list-text\"> ConiaSoft Cloud<\/span>\n\t\t\t\t\t\t\t\t\t<\/li>\n\t\t\t\t\t\t\t\t<li class=\"elementor-icon-list-item\">\n\t\t\t\t\t\t\t\t\t\t<span class=\"elementor-icon-list-text\"> ConiaSoft Online Campus<\/span>\n\t\t\t\t\t\t\t\t\t<\/li>\n\t\t\t\t\t\t<\/ul>\n\t\t\t\t<\/div>\n\t\t\t\t<\/div>\n\t\t\t\t\t<\/div>\n\t\t<\/div>\n\t\t\t\t<div class=\"elementor-column elementor-col-33 elementor-top-column elementor-element elementor-element-6b7a1db\" data-id=\"6b7a1db\" data-element_type=\"column\">\n\t\t\t<div class=\"elementor-widget-wrap elementor-element-populated\">\n\t\t\t\t\t\t<div class=\"elementor-element elementor-element-eba7069 elementor-icon-list--layout-traditional elementor-list-item-link-full_width elementor-widget elementor-widget-icon-list\" data-id=\"eba7069\" data-element_type=\"widget\" data-widget_type=\"icon-list.default\">\n\t\t\t\t<div class=\"elementor-widget-container\">\n\t\t\t\t\t<ul class=\"elementor-icon-list-items\">\n\t\t\t\t\t\t\t<li class=\"elementor-icon-list-item\">\n\t\t\t\t\t\t\t\t\t\t<span class=\"elementor-icon-list-text\">ConiaSoft Court<\/span>\n\t\t\t\t\t\t\t\t\t<\/li>\n\t\t\t\t\t\t\t\t<li class=\"elementor-icon-list-item\">\n\t\t\t\t\t\t\t\t\t\t<span class=\"elementor-icon-list-text\">ConiaSoft Customized Coding<\/span>\n\t\t\t\t\t\t\t\t\t<\/li>\n\t\t\t\t\t\t\t\t<li class=\"elementor-icon-list-item\">\n\t\t\t\t\t\t\t\t\t\t<span class=\"elementor-icon-list-text\">ConiaSoft Fintech <\/span>\n\t\t\t\t\t\t\t\t\t<\/li>\n\t\t\t\t\t\t\t\t<li class=\"elementor-icon-list-item\">\n\t\t\t\t\t\t\t\t\t\t<span class=\"elementor-icon-list-text\">ConiaSoft Hospital <\/span>\n\t\t\t\t\t\t\t\t\t<\/li>\n\t\t\t\t\t\t<\/ul>\n\t\t\t\t<\/div>\n\t\t\t\t<\/div>\n\t\t\t\t\t<\/div>\n\t\t<\/div>\n\t\t\t\t<div class=\"elementor-column elementor-col-33 elementor-top-column elementor-element elementor-element-49aca5c\" data-id=\"49aca5c\" data-element_type=\"column\">\n\t\t\t<div class=\"elementor-widget-wrap elementor-element-populated\">\n\t\t\t\t\t\t<div class=\"elementor-element elementor-element-002614d elementor-icon-list--layout-traditional elementor-list-item-link-full_width elementor-widget elementor-widget-icon-list\" data-id=\"002614d\" data-element_type=\"widget\" data-widget_type=\"icon-list.default\">\n\t\t\t\t<div class=\"elementor-widget-container\">\n\t\t\t\t\t<ul class=\"elementor-icon-list-items\">\n\t\t\t\t\t\t\t<li class=\"elementor-icon-list-item\">\n\t\t\t\t\t\t\t\t\t\t<span class=\"elementor-icon-list-text\">ConiaSoft Hotel<\/span>\n\t\t\t\t\t\t\t\t\t<\/li>\n\t\t\t\t\t\t\t\t<li class=\"elementor-icon-list-item\">\n\t\t\t\t\t\t\t\t\t\t<span class=\"elementor-icon-list-text\">ConiaSoft Law<\/span>\n\t\t\t\t\t\t\t\t\t<\/li>\n\t\t\t\t\t\t\t\t<li class=\"elementor-icon-list-item\">\n\t\t\t\t\t\t\t\t\t\t<span class=\"elementor-icon-list-text\">ConiaSoft Supply Chain  <\/span>\n\t\t\t\t\t\t\t\t\t<\/li>\n\t\t\t\t\t\t\t\t<li class=\"elementor-icon-list-item\">\n\t\t\t\t\t\t\t\t\t\t<span class=\"elementor-icon-list-text\">ConiaSoft Tax <\/span>\n\t\t\t\t\t\t\t\t\t<\/li>\n\t\t\t\t\t\t<\/ul>\n\t\t\t\t<\/div>\n\t\t\t\t<\/div>\n\t\t\t\t\t<\/div>\n\t\t<\/div>\n\t\t\t\t\t<\/div>\n\t\t<\/section>\n\t\t\t\t<section class=\"elementor-section elementor-top-section elementor-element elementor-element-a82a3c4 elementor-section-full_width elementor-section-height-default elementor-section-height-default\" data-id=\"a82a3c4\" data-element_type=\"section\">\n\t\t\t\t\t\t<div class=\"elementor-container elementor-column-gap-default\">\n\t\t\t\t\t<div class=\"elementor-column elementor-col-100 elementor-top-column elementor-element elementor-element-ebdec54\" data-id=\"ebdec54\" data-element_type=\"column\">\n\t\t\t<div class=\"elementor-widget-wrap elementor-element-populated\">\n\t\t\t\t\t\t<div class=\"elementor-element elementor-element-9e8f312 elementor-widget elementor-widget-image\" data-id=\"9e8f312\" data-element_type=\"widget\" data-widget_type=\"image.default\">\n\t\t\t\t<div class=\"elementor-widget-container\">\n\t\t\t\t\t\t\t\t\t\t\t\t\t<img decoding=\"async\" width=\"8268\" height=\"4726\" src=\"https:\/\/coniasoft.com\/wp-content\/uploads\/2024\/12\/ConiaSoft-Banner-1.png\" class=\"attachment-full size-full wp-image-23433\" alt=\"\" srcset=\"https:\/\/coniasoft.com\/wp-content\/uploads\/2024\/12\/ConiaSoft-Banner-1.png 8268w, https:\/\/coniasoft.com\/wp-content\/uploads\/2024\/12\/ConiaSoft-Banner-1-300x171.png 300w, https:\/\/coniasoft.com\/wp-content\/uploads\/2024\/12\/ConiaSoft-Banner-1-1024x585.png 1024w, https:\/\/coniasoft.com\/wp-content\/uploads\/2024\/12\/ConiaSoft-Banner-1-768x439.png 768w, https:\/\/coniasoft.com\/wp-content\/uploads\/2024\/12\/ConiaSoft-Banner-1-1536x878.png 1536w, https:\/\/coniasoft.com\/wp-content\/uploads\/2024\/12\/ConiaSoft-Banner-1-18x10.png 18w, https:\/\/coniasoft.com\/wp-content\/uploads\/2024\/12\/ConiaSoft-Banner-1-480x274.png 480w, https:\/\/coniasoft.com\/wp-content\/uploads\/2024\/12\/ConiaSoft-Banner-1-1200x686.png 1200w\" sizes=\"(max-width: 8268px) 100vw, 8268px\" title=\"ConiaSoft Banner\" \/>\t\t\t\t\t\t\t\t\t\t\t\t\t<\/div>\n\t\t\t\t<\/div>\n\t\t\t\t<div class=\"elementor-element elementor-element-35d7c19 elementor-widget elementor-widget-text-editor\" data-id=\"35d7c19\" data-element_type=\"widget\" data-widget_type=\"text-editor.default\">\n\t\t\t\t<div class=\"elementor-widget-container\">\n\t\t\t\t\t\t\t<p>ConiaSoft's vision and mission; is that the software and IT solutions designed for each user are simple, sustainable, solution-oriented, dynamic and up-to-date.<\/p><div><p>You Ask, We'll Make It.<\/p><\/div>\t\t\t\t\t\t<\/div>\n\t\t\t\t<\/div>\n\t\t\t\t\t<\/div>\n\t\t<\/div>\n\t\t\t\t\t<\/div>\n\t\t<\/section>\n\t\t\t\t<section class=\"elementor-section elementor-top-section elementor-element elementor-element-6784929 elementor-section-boxed elementor-section-height-default elementor-section-height-default\" data-id=\"6784929\" data-element_type=\"section\">\n\t\t\t\t\t\t<div class=\"elementor-container elementor-column-gap-default\">\n\t\t\t\t\t<div class=\"elementor-column elementor-col-100 elementor-top-column elementor-element elementor-element-a30f66a\" data-id=\"a30f66a\" data-element_type=\"column\">\n\t\t\t<div class=\"elementor-widget-wrap elementor-element-populated\">\n\t\t\t\t\t\t<div class=\"elementor-element elementor-element-9e71f2e elementor-widget elementor-widget-spacer\" data-id=\"9e71f2e\" data-element_type=\"widget\" data-widget_type=\"spacer.default\">\n\t\t\t\t<div class=\"elementor-widget-container\">\n\t\t\t\t\t<div class=\"elementor-spacer\">\n\t\t\t<div class=\"elementor-spacer-inner\"><\/div>\n\t\t<\/div>\n\t\t\t\t<\/div>\n\t\t\t\t<\/div>\n\t\t\t\t\t<\/div>\n\t\t<\/div>\n\t\t\t\t\t<\/div>\n\t\t<\/section>\n\t\t\t\t<\/div>","protected":false},"excerpt":{"rendered":"<p>Biz Kimiz ConiaSoft, bir Perfect Timing Holding Yaz\u0131l\u0131m Teknolojileri \u015eirketi i\u015ftirakidir. ConiaSoft, f\u00fct\u00fcristik m\u00fchendislik harikalar\u0131na sahip; Alman, Hintli, Amerikal\u0131, Afrikal\u0131, Rus ve T\u00fcrk Yaz\u0131l\u0131mc\u0131lar, Tasar\u0131mc\u0131lar ve M\u00fchendislerden olu\u015fan bir T\u00fcrk k\u00fcresel Yaz\u0131l\u0131m Teknolojileri \u015eirketidir. ConiaSoft, 2001 y\u0131l\u0131ndan beri Bili\u015fim Teknolojileri \u00e7\u00f6z\u00fcmleri, dijital pazarlama, yaz\u0131l\u0131m gibi gelecek teknolojilerine ait her alanda m\u00fc\u015fterilerinin ihtiya\u00e7lar\u0131na g\u00f6re en m\u00fckemmel [&hellip;]<\/p>","protected":false},"author":1,"featured_media":0,"parent":0,"menu_order":0,"comment_status":"closed","ping_status":"closed","template":"","meta":{"_monsterinsights_skip_tracking":false,"_monsterinsights_sitenote_active":false,"_monsterinsights_sitenote_note":"","_monsterinsights_sitenote_category":0,"footnotes":""},"class_list":["post-623","page","type-page","status-publish","hentry"],"yoast_head":"<!-- This site is optimized with the Yoast SEO plugin v22.7 - https:\/\/yoast.com\/wordpress\/plugins\/seo\/ -->\n<title>Hakk\u0131m\u0131zda - Conia Soft<\/title>\n<meta name=\"description\" content=\"Learn more about ConiaSoft\u2019s journey, values, and mission as a pioneer in software and technology solutions, dedicated to driving innovation and growth for businesses worldwide.\" \/>\n<meta name=\"robots\" content=\"index, follow, max-snippet:-1, max-image-preview:large, max-video-preview:-1\" \/>\n<link rel=\"canonical\" href=\"https:\/\/coniasoft.com\/en\/hakkimizda\/\" \/>\n<meta property=\"og:locale\" content=\"en_US\" \/>\n<meta property=\"og:type\" content=\"article\" \/>\n<meta property=\"og:title\" content=\"Hakk\u0131m\u0131zda - Conia Soft\" \/>\n<meta property=\"og:description\" content=\"Learn more about ConiaSoft\u2019s journey, values, and mission as a pioneer in software and technology solutions, dedicated to driving innovation and growth for businesses worldwide.\" \/>\n<meta property=\"og:url\" content=\"https:\/\/coniasoft.com\/en\/hakkimizda\/\" \/>\n<meta property=\"og:site_name\" content=\"Conia Soft\" \/>\n<meta property=\"article:modified_time\" content=\"2024-12-12T08:49:31+00:00\" \/>\n<meta property=\"og:image\" content=\"http:\/\/217.154.121.85wp-content\/uploads\/2023\/06\/6.png\" \/>\n<meta name=\"twitter:card\" content=\"summary_large_image\" \/>\n<meta name=\"twitter:label1\" content=\"Est. reading time\" \/>\n\t<meta name=\"twitter:data1\" content=\"2 minutes\" \/>\n<script type=\"application\/ld+json\" class=\"yoast-schema-graph\">{\"@context\":\"https:\/\/schema.org\",\"@graph\":[{\"@type\":\"WebPage\",\"@id\":\"https:\/\/coniasoft.com\/hakkimizda\/\",\"url\":\"https:\/\/coniasoft.com\/hakkimizda\/\",\"name\":\"Hakk\u0131m\u0131zda - Conia Soft\",\"isPartOf\":{\"@id\":\"https:\/\/coniasoft.com\/en\/#website\"},\"primaryImageOfPage\":{\"@id\":\"https:\/\/coniasoft.com\/hakkimizda\/#primaryimage\"},\"image\":{\"@id\":\"https:\/\/coniasoft.com\/hakkimizda\/#primaryimage\"},\"thumbnailUrl\":\"http:\/\/217.154.121.85wp-content\/uploads\/2023\/06\/6.png\",\"datePublished\":\"2021-07-18T14:02:25+00:00\",\"dateModified\":\"2024-12-12T08:49:31+00:00\",\"description\":\"Learn more about ConiaSoft\u2019s journey, values, and mission as a pioneer in software and technology solutions, dedicated to driving innovation and growth for businesses worldwide.\",\"breadcrumb\":{\"@id\":\"https:\/\/coniasoft.com\/hakkimizda\/#breadcrumb\"},\"inLanguage\":\"en-US\",\"potentialAction\":[{\"@type\":\"ReadAction\",\"target\":[\"https:\/\/coniasoft.com\/hakkimizda\/\"]}]},{\"@type\":\"ImageObject\",\"inLanguage\":\"en-US\",\"@id\":\"https:\/\/coniasoft.com\/hakkimizda\/#primaryimage\",\"url\":\"http:\/\/217.154.121.85wp-content\/uploads\/2023\/06\/6.png\",\"contentUrl\":\"http:\/\/217.154.121.85wp-content\/uploads\/2023\/06\/6.png\"},{\"@type\":\"BreadcrumbList\",\"@id\":\"https:\/\/coniasoft.com\/hakkimizda\/#breadcrumb\",\"itemListElement\":[{\"@type\":\"ListItem\",\"position\":1,\"name\":\"Home\",\"item\":\"https:\/\/coniasoft.com\/\"},{\"@type\":\"ListItem\",\"position\":2,\"name\":\"Hakk\u0131m\u0131zda\"}]},{\"@type\":\"WebSite\",\"@id\":\"https:\/\/coniasoft.com\/en\/#website\",\"url\":\"https:\/\/coniasoft.com\/en\/\",\"name\":\"Conia Soft\",\"description\":\"Software Packages for all IT Solutions\",\"publisher\":{\"@id\":\"https:\/\/coniasoft.com\/en\/#organization\"},\"potentialAction\":[{\"@type\":\"SearchAction\",\"target\":{\"@type\":\"EntryPoint\",\"urlTemplate\":\"https:\/\/coniasoft.com\/en\/?s={search_term_string}\"},\"query-input\":\"required name=search_term_string\"}],\"inLanguage\":\"en-US\"},{\"@type\":\"Organization\",\"@id\":\"https:\/\/coniasoft.com\/en\/#organization\",\"name\":\"Conia Soft\",\"url\":\"https:\/\/coniasoft.com\/en\/\",\"logo\":{\"@type\":\"ImageObject\",\"inLanguage\":\"en-US\",\"@id\":\"https:\/\/coniasoft.com\/en\/#\/schema\/logo\/image\/\",\"url\":\"http:\/\/217.154.121.85demo\/wp-content\/uploads\/2021\/04\/conia-2-1.png\",\"contentUrl\":\"http:\/\/217.154.121.85demo\/wp-content\/uploads\/2021\/04\/conia-2-1.png\",\"width\":5243,\"height\":1200,\"caption\":\"Conia Soft\"},\"image\":{\"@id\":\"https:\/\/coniasoft.com\/en\/#\/schema\/logo\/image\/\"}}]}<\/script>\n<!-- \/ Yoast SEO plugin. -->","yoast_head_json":{"title":"Hakk\u0131m\u0131zda - Conia Soft","description":"Learn more about ConiaSoft\u2019s journey, values, and mission as a pioneer in software and technology solutions, dedicated to driving innovation and growth for businesses worldwide.","robots":{"index":"index","follow":"follow","max-snippet":"max-snippet:-1","max-image-preview":"max-image-preview:large","max-video-preview":"max-video-preview:-1"},"canonical":"https:\/\/coniasoft.com\/en\/hakkimizda\/","og_locale":"en_US","og_type":"article","og_title":"Hakk\u0131m\u0131zda - Conia Soft","og_description":"Learn more about ConiaSoft\u2019s journey, values, and mission as a pioneer in software and technology solutions, dedicated to driving innovation and growth for businesses worldwide.","og_url":"https:\/\/coniasoft.com\/en\/hakkimizda\/","og_site_name":"Conia Soft","article_modified_time":"2024-12-12T08:49:31+00:00","og_image":[{"url":"http:\/\/217.154.121.85wp-content\/uploads\/2023\/06\/6.png"}],"twitter_card":"summary_large_image","twitter_misc":{"Est. reading time":"2 minutes"},"schema":{"@context":"https:\/\/schema.org","@graph":[{"@type":"WebPage","@id":"https:\/\/coniasoft.com\/hakkimizda\/","url":"https:\/\/coniasoft.com\/hakkimizda\/","name":"Hakk\u0131m\u0131zda - Conia Soft","isPartOf":{"@id":"https:\/\/coniasoft.com\/en\/#website"},"primaryImageOfPage":{"@id":"https:\/\/coniasoft.com\/hakkimizda\/#primaryimage"},"image":{"@id":"https:\/\/coniasoft.com\/hakkimizda\/#primaryimage"},"thumbnailUrl":"http:\/\/217.154.121.85wp-content\/uploads\/2023\/06\/6.png","datePublished":"2021-07-18T14:02:25+00:00","dateModified":"2024-12-12T08:49:31+00:00","description":"Learn more about ConiaSoft\u2019s journey, values, and mission as a pioneer in software and technology solutions, dedicated to driving innovation and growth for businesses worldwide.","breadcrumb":{"@id":"https:\/\/coniasoft.com\/hakkimizda\/#breadcrumb"},"inLanguage":"en-US","potentialAction":[{"@type":"ReadAction","target":["https:\/\/coniasoft.com\/hakkimizda\/"]}]},{"@type":"ImageObject","inLanguage":"en-US","@id":"https:\/\/coniasoft.com\/hakkimizda\/#primaryimage","url":"http:\/\/217.154.121.85wp-content\/uploads\/2023\/06\/6.png","contentUrl":"http:\/\/217.154.121.85wp-content\/uploads\/2023\/06\/6.png"},{"@type":"BreadcrumbList","@id":"https:\/\/coniasoft.com\/hakkimizda\/#breadcrumb","itemListElement":[{"@type":"ListItem","position":1,"name":"Home","item":"https:\/\/coniasoft.com\/"},{"@type":"ListItem","position":2,"name":"Hakk\u0131m\u0131zda"}]},{"@type":"WebSite","@id":"https:\/\/coniasoft.com\/en\/#website","url":"https:\/\/coniasoft.com\/en\/","name":"Conia Soft","description":"Software Packages for all IT Solutions","publisher":{"@id":"https:\/\/coniasoft.com\/en\/#organization"},"potentialAction":[{"@type":"SearchAction","target":{"@type":"EntryPoint","urlTemplate":"https:\/\/coniasoft.com\/en\/?s={search_term_string}"},"query-input":"required name=search_term_string"}],"inLanguage":"en-US"},{"@type":"Organization","@id":"https:\/\/coniasoft.com\/en\/#organization","name":"Conia Soft","url":"https:\/\/coniasoft.com\/en\/","logo":{"@type":"ImageObject","inLanguage":"en-US","@id":"https:\/\/coniasoft.com\/en\/#\/schema\/logo\/image\/","url":"http:\/\/217.154.121.85demo\/wp-content\/uploads\/2021\/04\/conia-2-1.png","contentUrl":"http:\/\/217.154.121.85demo\/wp-content\/uploads\/2021\/04\/conia-2-1.png","width":5243,"height":1200,"caption":"Conia Soft"},"image":{"@id":"https:\/\/coniasoft.com\/en\/#\/schema\/logo\/image\/"}}]}},"_links":{"self":[{"href":"https:\/\/coniasoft.com\/en\/wp-json\/wp\/v2\/pages\/623","targetHints":{"allow":["GET"]}}],"collection":[{"href":"https:\/\/coniasoft.com\/en\/wp-json\/wp\/v2\/pages"}],"about":[{"href":"https:\/\/coniasoft.com\/en\/wp-json\/wp\/v2\/types\/page"}],"author":[{"embeddable":true,"href":"https:\/\/coniasoft.com\/en\/wp-json\/wp\/v2\/users\/1"}],"replies":[{"embeddable":true,"href":"https:\/\/coniasoft.com\/en\/wp-json\/wp\/v2\/comments?post=623"}],"version-history":[{"count":494,"href":"https:\/\/coniasoft.com\/en\/wp-json\/wp\/v2\/pages\/623\/revisions"}],"predecessor-version":[{"id":23436,"href":"https:\/\/coniasoft.com\/en\/wp-json\/wp\/v2\/pages\/623\/revisions\/23436"}],"wp:attachment":[{"href":"https:\/\/coniasoft.com\/en\/wp-json\/wp\/v2\/media?parent=623"}],"curies":[{"name":"wp","href":"https:\/\/api.w.org\/{rel}","templated":true}]}}