
{"id":382,"date":"2021-07-16T11:36:11","date_gmt":"2021-07-16T11:36:11","guid":{"rendered":"https:\/\/livewp.site\/wp\/md\/ewebot\/contact-us\/"},"modified":"2025-04-21T14:01:58","modified_gmt":"2025-04-21T14:01:58","slug":"bize-ulasin","status":"publish","type":"page","link":"https:\/\/coniasoft.com\/en\/bize-ulasin\/","title":{"rendered":"Contact Us"},"content":{"rendered":"<div data-elementor-type=\"wp-post\" data-elementor-id=\"382\" class=\"elementor elementor-382\" data-elementor-post-type=\"page\">\n\t\t\t\t\t\t<section class=\"elementor-section elementor-top-section elementor-element elementor-element-af3eb13 elementor-section-boxed elementor-section-height-default elementor-section-height-default\" data-id=\"af3eb13\" data-element_type=\"section\">\n\t\t\t\t\t\t<div class=\"elementor-container elementor-column-gap-default\">\n\t\t\t\t\t<div class=\"elementor-column elementor-col-33 elementor-top-column elementor-element elementor-element-a15aad9\" data-id=\"a15aad9\" data-element_type=\"column\">\n\t\t\t<div class=\"elementor-widget-wrap elementor-element-populated\">\n\t\t\t\t\t\t<div class=\"elementor-element elementor-element-3c0a276 elementor-widget__width-inherit elementor-widget elementor-widget-text-editor\" data-id=\"3c0a276\" data-element_type=\"widget\" data-widget_type=\"text-editor.default\">\n\t\t\t\t<div class=\"elementor-widget-container\">\n\t\t\t\t\t\t\t<p><strong>CONIASOFT SOFTWARE TECHNOLOGIES LIMITED. <\/strong><\/p><p>\u00dcniversite Mahallesi \u0130pekyolu Caddesi Teknoloji Geli\u015ftirme B\u00f6lgesi <br \/>ATA Teknokent A.\u015e., A Blok No: 22\/Z06 \u0130\u00e7 Kap\u0131 No: 221 <br \/>25240 Yakutiye &#8211; Erzurum,\u00a0T\u00fcrkiye<\/p>\t\t\t\t\t\t<\/div>\n\t\t\t\t<\/div>\n\t\t\t\t<div class=\"elementor-element elementor-element-5d1fa19 elementor-widget elementor-widget-spacer\" data-id=\"5d1fa19\" data-element_type=\"widget\" data-widget_type=\"spacer.default\">\n\t\t\t\t<div class=\"elementor-widget-container\">\n\t\t\t\t\t<div class=\"elementor-spacer\">\n\t\t\t<div class=\"elementor-spacer-inner\"><\/div>\n\t\t<\/div>\n\t\t\t\t<\/div>\n\t\t\t\t<\/div>\n\t\t\t\t<div class=\"elementor-element elementor-element-79fdd23 elementor-widget elementor-widget-spacer\" data-id=\"79fdd23\" data-element_type=\"widget\" data-widget_type=\"spacer.default\">\n\t\t\t\t<div class=\"elementor-widget-container\">\n\t\t\t\t\t<div class=\"elementor-spacer\">\n\t\t\t<div class=\"elementor-spacer-inner\"><\/div>\n\t\t<\/div>\n\t\t\t\t<\/div>\n\t\t\t\t<\/div>\n\t\t\t\t<div class=\"elementor-element elementor-element-c2807bc elementor-widget elementor-widget-gt3-core-custommeta\" data-id=\"c2807bc\" data-element_type=\"widget\" data-widget_type=\"gt3-core-custommeta.default\">\n\t\t\t\t<div class=\"elementor-widget-container\">\n\t\t\t<div class=\"gt3_meta_values_wrapper vertical align_left\"><div class=\"gt3_meta_values_item elementor-repeater-item-04db689\"><span class=\"gt3_meta_label_title\">Phone<\/span><div class=\"gt3_meta_value type_custom\">+90 442 2822070<\/br>\n+90 531 948 18 80<br\/>\n \n<\/div><\/div><div class=\"gt3_meta_values_item elementor-repeater-item-119a00a\"><span class=\"gt3_meta_label_title\">Whatsapp<\/span><div class=\"gt3_meta_value type_custom\">+90 531 948 18 80<br\/>\n                                                                                      \n\n<\/div><\/div><div class=\"gt3_meta_values_item elementor-repeater-item-210ff16\"><span class=\"gt3_meta_label_title\">Email<\/span><div class=\"gt3_meta_value type_custom\"><span style=\"text-transform:math-auto;\" translate=\"no\">info@ConiaSoft.com<\/span>\n<\/div><\/div><div class=\"gt3_meta_values_item elementor-repeater-item-30f9222\"><span class=\"gt3_meta_label_title\">Web<\/span><div class=\"gt3_meta_value type_custom\">\n<a href=\"https:\/\/coniacloud.com\/\" style=\"color:#f16623;text-transform:math-auto;\">ConiaCloud.com<\/a>\n<br>\n\n<a href=\"http:\/\/eConiaSoft.com\" style=\"color:#f16623;text-transform:math-auto;\">eConiaSoft.com<\/a>\n\n<\/br>\n\n\n\n\n<a href=\"https:\/\/csserverspace.com\/en\/\" style=\"color:#f16623;text-transform:math-auto;\">CSServerSpace.com<\/a>\n<\/div><\/div><div class=\"gt3_meta_values_item elementor-repeater-item-f4cb238\"><span class=\"gt3_meta_label_title\">Soc. Media<\/span><div class=\"gt3_meta_value type_custom\">@ConiaSoft<\/br>\n@ConiaCloud\n<\/div><\/div><\/div>\t\t<\/div>\n\t\t\t\t<\/div>\n\t\t\t\t<div class=\"elementor-element elementor-element-41aac20 elementor-widget__width-initial elementor-hidden-desktop elementor-hidden-tablet elementor-hidden-mobile elementor-widget elementor-widget-gt3-core-custommeta\" data-id=\"41aac20\" data-element_type=\"widget\" data-widget_type=\"gt3-core-custommeta.default\">\n\t\t\t\t<div class=\"elementor-widget-container\">\n\t\t\t<div class=\"gt3_meta_values_wrapper vertical align_left\"><div class=\"gt3_meta_values_item elementor-repeater-item-772816d\"><div class=\"gt3_meta_value type_custom\">  Tax number:  <span>2111430808 <\/span><\/div><\/div><div class=\"gt3_meta_values_item elementor-repeater-item-e7cbdb5\"><div class=\"gt3_meta_value type_custom\"><span>Tax Authority:\u00a0 \u00a0Mevlana<\/span><\/div><\/div><div class=\"gt3_meta_values_item elementor-repeater-item-607e7e9\"><div class=\"gt3_meta_value type_custom\"><span>Mersis Number: 0211143080800001<\/span><\/div><\/div><div class=\"gt3_meta_values_item elementor-repeater-item-ae24165\"><div class=\"gt3_meta_value type_custom\"><span>Trade Registry Number: 67152<\/span><\/div><\/div><\/div>\t\t<\/div>\n\t\t\t\t<\/div>\n\t\t\t\t<div class=\"elementor-element elementor-element-96b973e elementor-widget elementor-widget-gt3-core-custommeta\" data-id=\"96b973e\" data-element_type=\"widget\" data-widget_type=\"gt3-core-custommeta.default\">\n\t\t\t\t<div class=\"elementor-widget-container\">\n\t\t\t<div class=\"gt3_meta_values_wrapper vertical align_left\"><div class=\"gt3_meta_values_item elementor-repeater-item-914ef92\"><div class=\"gt3_meta_value type_custom\"><\/div><\/div><\/div>\t\t<\/div>\n\t\t\t\t<\/div>\n\t\t\t\t<div class=\"elementor-element elementor-element-e8b919f elementor-widget__width-initial elementor-widget elementor-widget-image\" data-id=\"e8b919f\" data-element_type=\"widget\" data-widget_type=\"image.default\">\n\t\t\t\t<div class=\"elementor-widget-container\">\n\t\t\t\t\t\t\t\t\t\t\t\t\t<img fetchpriority=\"high\" decoding=\"async\" width=\"300\" height=\"257\" src=\"https:\/\/coniasoft.com\/wp-content\/uploads\/2021\/05\/ConiaSoft-Mascot-web-Tr-300x257.png\" class=\"attachment-medium size-medium wp-image-24170\" alt=\"\" srcset=\"https:\/\/coniasoft.com\/wp-content\/uploads\/2021\/05\/ConiaSoft-Mascot-web-Tr-300x257.png 300w, https:\/\/coniasoft.com\/wp-content\/uploads\/2021\/05\/ConiaSoft-Mascot-web-Tr-1024x876.png 1024w, https:\/\/coniasoft.com\/wp-content\/uploads\/2021\/05\/ConiaSoft-Mascot-web-Tr-768x657.png 768w, https:\/\/coniasoft.com\/wp-content\/uploads\/2021\/05\/ConiaSoft-Mascot-web-Tr-14x12.png 14w, https:\/\/coniasoft.com\/wp-content\/uploads\/2021\/05\/ConiaSoft-Mascot-web-Tr-480x411.png 480w, https:\/\/coniasoft.com\/wp-content\/uploads\/2021\/05\/ConiaSoft-Mascot-web-Tr.png 1066w\" sizes=\"(max-width: 300px) 100vw, 300px\" title=\"ConiaSoft-Mascot-web- Tr\" \/>\t\t\t\t\t\t\t\t\t\t\t\t\t<\/div>\n\t\t\t\t<\/div>\n\t\t\t\t\t<\/div>\n\t\t<\/div>\n\t\t\t\t<div class=\"elementor-column elementor-col-33 elementor-top-column elementor-element elementor-element-baec281\" data-id=\"baec281\" data-element_type=\"column\">\n\t\t\t<div class=\"elementor-widget-wrap\">\n\t\t\t\t\t\t\t<\/div>\n\t\t<\/div>\n\t\t\t\t<div class=\"elementor-column elementor-col-33 elementor-top-column elementor-element elementor-element-1e81522\" data-id=\"1e81522\" data-element_type=\"column\">\n\t\t\t<div class=\"elementor-widget-wrap elementor-element-populated\">\n\t\t\t\t\t\t<section class=\"elementor-section elementor-inner-section elementor-element elementor-element-0e7dee3 elementor-section-boxed elementor-section-height-default elementor-section-height-default\" data-id=\"0e7dee3\" data-element_type=\"section\" data-settings=\"{&quot;background_background&quot;:&quot;classic&quot;}\">\n\t\t\t\t\t\t<div class=\"elementor-container elementor-column-gap-default\">\n\t\t\t\t\t<div class=\"elementor-column elementor-col-100 elementor-inner-column elementor-element elementor-element-8b975d4\" data-id=\"8b975d4\" data-element_type=\"column\" data-settings=\"{&quot;background_background&quot;:&quot;classic&quot;}\">\n\t\t\t<div class=\"elementor-widget-wrap elementor-element-populated\">\n\t\t\t\t\t\t<div class=\"elementor-element elementor-element-c9a556c elementor-widget elementor-widget-heading\" data-id=\"c9a556c\" data-element_type=\"widget\" data-widget_type=\"heading.default\">\n\t\t\t\t<div class=\"elementor-widget-container\">\n\t\t\t<h2 class=\"elementor-heading-title elementor-size-default\">Your Request<\/h2>\t\t<\/div>\n\t\t\t\t<\/div>\n\t\t\t\t<div class=\"elementor-element elementor-element-ba9d379 elementor-widget elementor-widget-spacer\" data-id=\"ba9d379\" data-element_type=\"widget\" data-widget_type=\"spacer.default\">\n\t\t\t\t<div class=\"elementor-widget-container\">\n\t\t\t\t\t<div class=\"elementor-spacer\">\n\t\t\t<div class=\"elementor-spacer-inner\"><\/div>\n\t\t<\/div>\n\t\t\t\t<\/div>\n\t\t\t\t<\/div>\n\t\t\t\t<div class=\"elementor-element elementor-element-c3a456a elementor-widget elementor-widget-html\" data-id=\"c3a456a\" data-element_type=\"widget\" data-widget_type=\"html.default\">\n\t\t\t\t<div class=\"elementor-widget-container\">\n\t\t\t\n<div class=\"wpcf7 no-js\" id=\"wpcf7-f13087-o1\" lang=\"en-US\" dir=\"ltr\">\n<div class=\"screen-reader-response\"><p role=\"status\" aria-live=\"polite\" aria-atomic=\"true\"><\/p> <ul><\/ul><\/div>\n<form action=\"\/en\/wp-json\/wp\/v2\/pages\/382#wpcf7-f13087-o1\" method=\"post\" class=\"wpcf7-form init\" aria-label=\"Contact form\" novalidate=\"novalidate\" data-status=\"init\" data-trp-original-action=\"\/en\/wp-json\/wp\/v2\/pages\/382#wpcf7-f13087-o1\">\n<div style=\"display: none;\">\n<input type=\"hidden\" name=\"_wpcf7\" value=\"13087\" \/>\n<input type=\"hidden\" name=\"_wpcf7_version\" value=\"5.9.4\" \/>\n<input type=\"hidden\" name=\"_wpcf7_locale\" value=\"en_US\" \/>\n<input type=\"hidden\" name=\"_wpcf7_unit_tag\" value=\"wpcf7-f13087-o1\" \/>\n<input type=\"hidden\" name=\"_wpcf7_container_post\" value=\"0\" \/>\n<input type=\"hidden\" name=\"_wpcf7_posted_data_hash\" value=\"\" \/>\n<input type=\"hidden\" name=\"_wpcf7_recaptcha_response\" value=\"\" \/>\n<\/div>\n<p><label> First Name<br \/>\n<span class=\"wpcf7-form-control-wrap\" data-name=\"first-name\"><input size=\"40\" class=\"wpcf7-form-control wpcf7-text wpcf7-validates-as-required\" autocomplete=\"First\" aria-required=\"true\" aria-invalid=\"false\" value=\"\" type=\"text\" name=\"first-name\" \/><\/span> <\/label>\n<\/p>\n<p><label> Last Name<br \/>\n<span class=\"wpcf7-form-control-wrap\" data-name=\"last-name\"><input size=\"40\" class=\"wpcf7-form-control wpcf7-text wpcf7-validates-as-required\" autocomplete=\"Last\" aria-required=\"true\" aria-invalid=\"false\" value=\"\" type=\"text\" name=\"last-name\" \/><\/span> <\/label>\n<\/p>\n<p><label> Your E-Mail<br \/>\n<span class=\"wpcf7-form-control-wrap\" data-name=\"your-email\"><input size=\"40\" class=\"wpcf7-form-control wpcf7-email wpcf7-validates-as-required wpcf7-text wpcf7-validates-as-email\" autocomplete=\"Your\" aria-required=\"true\" aria-invalid=\"false\" value=\"\" type=\"email\" name=\"your-email\" \/><\/span> <\/label>\n<\/p>\n<p><label> Company Name<br \/>\n<span class=\"wpcf7-form-control-wrap\" data-name=\"company-name\"><input size=\"40\" class=\"wpcf7-form-control wpcf7-text wpcf7-validates-as-required\" autocomplete=\"Company\" aria-required=\"true\" aria-invalid=\"false\" value=\"\" type=\"text\" name=\"company-name\" \/><\/span> <\/label><br \/>\n<label> Message<br \/>\n<span class=\"wpcf7-form-control-wrap\" data-name=\"textarea-487\"><textarea cols=\"40\" rows=\"10\" class=\"wpcf7-form-control wpcf7-textarea\" aria-invalid=\"false\" name=\"textarea-487\"><\/textarea><\/span><br \/>\n<\/label><br \/>\n<label style=\"display: flex;\"><span class=\"wpcf7-form-control-wrap\" data-name=\"checkbox-891\"><span class=\"wpcf7-form-control wpcf7-checkbox wpcf7-validates-as-required wpcf7-exclusive-checkbox\"><span class=\"wpcf7-list-item first last\"><label><input type=\"checkbox\" name=\"checkbox-891\" value=\"\" \/><span class=\"wpcf7-list-item-label\"><\/span><\/label><\/span><\/span><\/span>\n\t\t<lable style=\"margin-top: 10px;margin-left: -10px;\"><span>I accept the<\/span> <a style=\"color: #f16623;font-weight: 600;\" href=\"http:\/\/217.154.121.85privacy-policy\/\" target=\"_blank\">Data Protection Regulation<\/a>\n\t\t<\/lable><\/label>\n<\/p>\n<p><input class=\"wpcf7-form-control wpcf7-submit has-spinner\" type=\"submit\" value=\"SEND\" \/>\n<\/p><div class=\"wpcf7-response-output\" aria-hidden=\"true\"><\/div>\n<input type=\"hidden\" name=\"trp-form-language\" value=\"en\"\/><\/form>\n<\/div>\n\t\t<\/div>\n\t\t\t\t<\/div>\n\t\t\t\t\t<\/div>\n\t\t<\/div>\n\t\t\t\t\t<\/div>\n\t\t<\/section>\n\t\t\t\t<div class=\"elementor-element elementor-element-33e5731 elementor-widget elementor-widget-spacer\" data-id=\"33e5731\" data-element_type=\"widget\" data-widget_type=\"spacer.default\">\n\t\t\t\t<div class=\"elementor-widget-container\">\n\t\t\t\t\t<div class=\"elementor-spacer\">\n\t\t\t<div class=\"elementor-spacer-inner\"><\/div>\n\t\t<\/div>\n\t\t\t\t<\/div>\n\t\t\t\t<\/div>\n\t\t\t\t\t<\/div>\n\t\t<\/div>\n\t\t\t\t\t<\/div>\n\t\t<\/section>\n\t\t\t\t<section class=\"elementor-section elementor-top-section elementor-element elementor-element-959c609 elementor-section-full_width elementor-section-height-default elementor-section-height-default\" data-id=\"959c609\" data-element_type=\"section\">\n\t\t\t\t\t\t<div class=\"elementor-container elementor-column-gap-no\">\n\t\t\t\t\t<div class=\"elementor-column elementor-col-100 elementor-top-column elementor-element elementor-element-7f69d57\" data-id=\"7f69d57\" data-element_type=\"column\">\n\t\t\t<div class=\"elementor-widget-wrap elementor-element-populated\">\n\t\t\t\t\t\t<div class=\"elementor-element elementor-element-e585f79 elementor-widget elementor-widget-google_maps\" data-id=\"e585f79\" data-element_type=\"widget\" data-widget_type=\"google_maps.default\">\n\t\t\t\t<div class=\"elementor-widget-container\">\n\t\t\t\t\t<div class=\"elementor-custom-embed\">\n\t\t\t<iframe loading=\"lazy\"\n\t\t\t\t\tsrc=\"https:\/\/maps.google.com\/maps?q=%C3%9Cniversite%20Mh%20%C4%B0pekyolu%20Cad.%20Teknoloji%20Geli%C5%9Ftirme%20B%C3%B6lgesi%20Ata%20Teknokent%20Ablok%20No%3A22%2FBblok%20No%3A20%2C%2025240%20Yakutiye%2FErzurum%2C%20T%C3%BCrkiye&#038;t=m&#038;z=15&#038;output=embed&#038;iwloc=near\"\n\t\t\t\t\ttitle=\"\u00dcniversite Mh \u0130pekyolu Cad. Teknoloji Geli\u015ftirme B\u00f6lgesi Ata Teknokent Ablok No:22\/Bblok No:20, 25240 Yakutiye\/Erzurum, T\u00fcrkiye\"\n\t\t\t\t\taria-label=\"\u00dcniversite Mh \u0130pekyolu Cad. Teknoloji Geli\u015ftirme B\u00f6lgesi Ata Teknokent Ablok No:22\/Bblok No:20, 25240 Yakutiye\/Erzurum, T\u00fcrkiye\"\n\t\t\t><\/iframe>\n\t\t<\/div>\n\t\t\t\t<\/div>\n\t\t\t\t<\/div>\n\t\t\t\t\t<\/div>\n\t\t<\/div>\n\t\t\t\t\t<\/div>\n\t\t<\/section>\n\t\t\t\t<\/div>","protected":false},"excerpt":{"rendered":"<p>CONIASOFT YAZILIM TEKNOLOJ\u0130LER\u0130 L\u0130M\u0130TED \u015e\u0130RKET\u0130 \u00dcniversite Mahallesi \u0130pekyolu Caddesi Teknoloji Geli\u015ftirme B\u00f6lgesi ATA Teknokent A.\u015e., A Blok No: 22\/Z06 \u0130\u00e7 Kap\u0131 No: 221 25240 Yakutiye &#8211; Erzurum,\u00a0T\u00fcrkiye \u0130leti\u015fim Numaras\u0131+90 442 2822070 +90 531 948 18 80 Whatsapp+90 531 948 18 80 Emailinfo@ConiaSoft.com Web ConiaCloud.com eConiaSoft.com CSServerSpace.com Sosyal Medya@ConiaSoft @ConiaCloud Vergi Numaras\u0131: 2111430808 Vergi Dairesi: MevlanaMersis [&hellip;]<\/p>","protected":false},"author":1,"featured_media":0,"parent":0,"menu_order":0,"comment_status":"closed","ping_status":"closed","template":"","meta":{"_monsterinsights_skip_tracking":false,"_monsterinsights_sitenote_active":false,"_monsterinsights_sitenote_note":"","_monsterinsights_sitenote_category":0,"footnotes":""},"class_list":["post-382","page","type-page","status-publish","hentry"],"yoast_head":"<!-- This site is optimized with the Yoast SEO plugin v22.7 - https:\/\/yoast.com\/wordpress\/plugins\/seo\/ -->\n<title>Bize Ula\u015f\u0131n - Conia Soft<\/title>\n<meta name=\"description\" content=\"Get in touch with ConiaSoft for any inquiries, support, or business opportunities. Our team is ready to assist you with all your software needs.\" \/>\n<meta name=\"robots\" content=\"index, follow, max-snippet:-1, max-image-preview:large, max-video-preview:-1\" \/>\n<link rel=\"canonical\" href=\"https:\/\/coniasoft.com\/en\/bize-ulasin\/\" \/>\n<meta property=\"og:locale\" content=\"en_US\" \/>\n<meta property=\"og:type\" content=\"article\" \/>\n<meta property=\"og:title\" content=\"Bize Ula\u015f\u0131n - Conia Soft\" \/>\n<meta property=\"og:description\" content=\"Get in touch with ConiaSoft for any inquiries, support, or business opportunities. Our team is ready to assist you with all your software needs.\" \/>\n<meta property=\"og:url\" content=\"https:\/\/coniasoft.com\/en\/bize-ulasin\/\" \/>\n<meta property=\"og:site_name\" content=\"Conia Soft\" \/>\n<meta property=\"article:modified_time\" content=\"2025-04-21T14:01:58+00:00\" \/>\n<meta property=\"og:image\" content=\"http:\/\/217.154.121.85wp-content\/uploads\/2021\/05\/ConiaSoft-Mascot-web-Tr-300x257.png\" \/>\n<meta name=\"twitter:card\" content=\"summary_large_image\" \/>\n<meta name=\"twitter:label1\" content=\"Est. reading time\" \/>\n\t<meta name=\"twitter:data1\" content=\"1 minute\" \/>\n<script type=\"application\/ld+json\" class=\"yoast-schema-graph\">{\"@context\":\"https:\/\/schema.org\",\"@graph\":[{\"@type\":\"WebPage\",\"@id\":\"https:\/\/coniasoft.com\/bize-ulasin\/\",\"url\":\"https:\/\/coniasoft.com\/bize-ulasin\/\",\"name\":\"Bize Ula\u015f\u0131n - Conia Soft\",\"isPartOf\":{\"@id\":\"https:\/\/coniasoft.com\/en\/#website\"},\"primaryImageOfPage\":{\"@id\":\"https:\/\/coniasoft.com\/bize-ulasin\/#primaryimage\"},\"image\":{\"@id\":\"https:\/\/coniasoft.com\/bize-ulasin\/#primaryimage\"},\"thumbnailUrl\":\"http:\/\/217.154.121.85wp-content\/uploads\/2021\/05\/ConiaSoft-Mascot-web-Tr-300x257.png\",\"datePublished\":\"2021-07-16T11:36:11+00:00\",\"dateModified\":\"2025-04-21T14:01:58+00:00\",\"description\":\"Get in touch with ConiaSoft for any inquiries, support, or business opportunities. Our team is ready to assist you with all your software needs.\",\"breadcrumb\":{\"@id\":\"https:\/\/coniasoft.com\/bize-ulasin\/#breadcrumb\"},\"inLanguage\":\"en-US\",\"potentialAction\":[{\"@type\":\"ReadAction\",\"target\":[\"https:\/\/coniasoft.com\/bize-ulasin\/\"]}]},{\"@type\":\"ImageObject\",\"inLanguage\":\"en-US\",\"@id\":\"https:\/\/coniasoft.com\/bize-ulasin\/#primaryimage\",\"url\":\"http:\/\/217.154.121.85wp-content\/uploads\/2021\/05\/ConiaSoft-Mascot-web-Tr-300x257.png\",\"contentUrl\":\"http:\/\/217.154.121.85wp-content\/uploads\/2021\/05\/ConiaSoft-Mascot-web-Tr-300x257.png\"},{\"@type\":\"BreadcrumbList\",\"@id\":\"https:\/\/coniasoft.com\/bize-ulasin\/#breadcrumb\",\"itemListElement\":[{\"@type\":\"ListItem\",\"position\":1,\"name\":\"Home\",\"item\":\"https:\/\/coniasoft.com\/\"},{\"@type\":\"ListItem\",\"position\":2,\"name\":\"Bize Ula\u015f\u0131n\"}]},{\"@type\":\"WebSite\",\"@id\":\"https:\/\/coniasoft.com\/en\/#website\",\"url\":\"https:\/\/coniasoft.com\/en\/\",\"name\":\"Conia Soft\",\"description\":\"Software Packages for all IT Solutions\",\"publisher\":{\"@id\":\"https:\/\/coniasoft.com\/en\/#organization\"},\"potentialAction\":[{\"@type\":\"SearchAction\",\"target\":{\"@type\":\"EntryPoint\",\"urlTemplate\":\"https:\/\/coniasoft.com\/en\/?s={search_term_string}\"},\"query-input\":\"required name=search_term_string\"}],\"inLanguage\":\"en-US\"},{\"@type\":\"Organization\",\"@id\":\"https:\/\/coniasoft.com\/en\/#organization\",\"name\":\"Conia Soft\",\"url\":\"https:\/\/coniasoft.com\/en\/\",\"logo\":{\"@type\":\"ImageObject\",\"inLanguage\":\"en-US\",\"@id\":\"https:\/\/coniasoft.com\/en\/#\/schema\/logo\/image\/\",\"url\":\"http:\/\/217.154.121.85demo\/wp-content\/uploads\/2021\/04\/conia-2-1.png\",\"contentUrl\":\"http:\/\/217.154.121.85demo\/wp-content\/uploads\/2021\/04\/conia-2-1.png\",\"width\":5243,\"height\":1200,\"caption\":\"Conia Soft\"},\"image\":{\"@id\":\"https:\/\/coniasoft.com\/en\/#\/schema\/logo\/image\/\"}}]}<\/script>\n<!-- \/ Yoast SEO plugin. -->","yoast_head_json":{"title":"Bize Ula\u015f\u0131n - Conia Soft","description":"Get in touch with ConiaSoft for any inquiries, support, or business opportunities. Our team is ready to assist you with all your software needs.","robots":{"index":"index","follow":"follow","max-snippet":"max-snippet:-1","max-image-preview":"max-image-preview:large","max-video-preview":"max-video-preview:-1"},"canonical":"https:\/\/coniasoft.com\/en\/bize-ulasin\/","og_locale":"en_US","og_type":"article","og_title":"Bize Ula\u015f\u0131n - Conia Soft","og_description":"Get in touch with ConiaSoft for any inquiries, support, or business opportunities. Our team is ready to assist you with all your software needs.","og_url":"https:\/\/coniasoft.com\/en\/bize-ulasin\/","og_site_name":"Conia Soft","article_modified_time":"2025-04-21T14:01:58+00:00","og_image":[{"url":"http:\/\/217.154.121.85wp-content\/uploads\/2021\/05\/ConiaSoft-Mascot-web-Tr-300x257.png"}],"twitter_card":"summary_large_image","twitter_misc":{"Est. reading time":"1 minute"},"schema":{"@context":"https:\/\/schema.org","@graph":[{"@type":"WebPage","@id":"https:\/\/coniasoft.com\/bize-ulasin\/","url":"https:\/\/coniasoft.com\/bize-ulasin\/","name":"Bize Ula\u015f\u0131n - Conia Soft","isPartOf":{"@id":"https:\/\/coniasoft.com\/en\/#website"},"primaryImageOfPage":{"@id":"https:\/\/coniasoft.com\/bize-ulasin\/#primaryimage"},"image":{"@id":"https:\/\/coniasoft.com\/bize-ulasin\/#primaryimage"},"thumbnailUrl":"http:\/\/217.154.121.85wp-content\/uploads\/2021\/05\/ConiaSoft-Mascot-web-Tr-300x257.png","datePublished":"2021-07-16T11:36:11+00:00","dateModified":"2025-04-21T14:01:58+00:00","description":"Get in touch with ConiaSoft for any inquiries, support, or business opportunities. Our team is ready to assist you with all your software needs.","breadcrumb":{"@id":"https:\/\/coniasoft.com\/bize-ulasin\/#breadcrumb"},"inLanguage":"en-US","potentialAction":[{"@type":"ReadAction","target":["https:\/\/coniasoft.com\/bize-ulasin\/"]}]},{"@type":"ImageObject","inLanguage":"en-US","@id":"https:\/\/coniasoft.com\/bize-ulasin\/#primaryimage","url":"http:\/\/217.154.121.85wp-content\/uploads\/2021\/05\/ConiaSoft-Mascot-web-Tr-300x257.png","contentUrl":"http:\/\/217.154.121.85wp-content\/uploads\/2021\/05\/ConiaSoft-Mascot-web-Tr-300x257.png"},{"@type":"BreadcrumbList","@id":"https:\/\/coniasoft.com\/bize-ulasin\/#breadcrumb","itemListElement":[{"@type":"ListItem","position":1,"name":"Home","item":"https:\/\/coniasoft.com\/"},{"@type":"ListItem","position":2,"name":"Bize Ula\u015f\u0131n"}]},{"@type":"WebSite","@id":"https:\/\/coniasoft.com\/en\/#website","url":"https:\/\/coniasoft.com\/en\/","name":"Conia Soft","description":"Software Packages for all IT Solutions","publisher":{"@id":"https:\/\/coniasoft.com\/en\/#organization"},"potentialAction":[{"@type":"SearchAction","target":{"@type":"EntryPoint","urlTemplate":"https:\/\/coniasoft.com\/en\/?s={search_term_string}"},"query-input":"required name=search_term_string"}],"inLanguage":"en-US"},{"@type":"Organization","@id":"https:\/\/coniasoft.com\/en\/#organization","name":"Conia Soft","url":"https:\/\/coniasoft.com\/en\/","logo":{"@type":"ImageObject","inLanguage":"en-US","@id":"https:\/\/coniasoft.com\/en\/#\/schema\/logo\/image\/","url":"http:\/\/217.154.121.85demo\/wp-content\/uploads\/2021\/04\/conia-2-1.png","contentUrl":"http:\/\/217.154.121.85demo\/wp-content\/uploads\/2021\/04\/conia-2-1.png","width":5243,"height":1200,"caption":"Conia Soft"},"image":{"@id":"https:\/\/coniasoft.com\/en\/#\/schema\/logo\/image\/"}}]}},"_links":{"self":[{"href":"https:\/\/coniasoft.com\/en\/wp-json\/wp\/v2\/pages\/382","targetHints":{"allow":["GET"]}}],"collection":[{"href":"https:\/\/coniasoft.com\/en\/wp-json\/wp\/v2\/pages"}],"about":[{"href":"https:\/\/coniasoft.com\/en\/wp-json\/wp\/v2\/types\/page"}],"author":[{"embeddable":true,"href":"https:\/\/coniasoft.com\/en\/wp-json\/wp\/v2\/users\/1"}],"replies":[{"embeddable":true,"href":"https:\/\/coniasoft.com\/en\/wp-json\/wp\/v2\/comments?post=382"}],"version-history":[{"count":456,"href":"https:\/\/coniasoft.com\/en\/wp-json\/wp\/v2\/pages\/382\/revisions"}],"predecessor-version":[{"id":24183,"href":"https:\/\/coniasoft.com\/en\/wp-json\/wp\/v2\/pages\/382\/revisions\/24183"}],"wp:attachment":[{"href":"https:\/\/coniasoft.com\/en\/wp-json\/wp\/v2\/media?parent=382"}],"curies":[{"name":"wp","href":"https:\/\/api.w.org\/{rel}","templated":true}]}}