
{"id":19235,"date":"2023-09-18T07:52:50","date_gmt":"2023-09-18T07:52:50","guid":{"rendered":"http:\/\/217.154.121.85demo\/?page_id=19235"},"modified":"2024-10-03T08:02:46","modified_gmt":"2024-10-03T08:02:46","slug":"kvkk-basvuru-formu","status":"publish","type":"page","link":"https:\/\/coniasoft.com\/en\/kvkk-basvuru-formu\/","title":{"rendered":"KVKK APPLICATION FORM"},"content":{"rendered":"<div data-elementor-type=\"wp-post\" data-elementor-id=\"19235\" class=\"elementor elementor-19235\" data-elementor-post-type=\"page\">\n\t\t\t\t\t\t<section class=\"elementor-section elementor-top-section elementor-element elementor-element-2b4ee47 elementor-section-boxed elementor-section-height-default elementor-section-height-default\" data-id=\"2b4ee47\" data-element_type=\"section\" data-settings=\"{&quot;background_background&quot;:&quot;classic&quot;}\">\n\t\t\t\t\t\t<div class=\"elementor-container elementor-column-gap-default\">\n\t\t\t\t\t<div class=\"elementor-column elementor-col-100 elementor-top-column elementor-element elementor-element-b449286\" data-id=\"b449286\" data-element_type=\"column\">\n\t\t\t<div class=\"elementor-widget-wrap elementor-element-populated\">\n\t\t\t\t\t\t<div class=\"elementor-element elementor-element-8d112ec elementor-widget elementor-widget-text-editor\" data-id=\"8d112ec\" data-element_type=\"widget\" data-widget_type=\"text-editor.default\">\n\t\t\t\t<div class=\"elementor-widget-container\">\n\t\t\t\t\t\t\t<p><strong>CONIASOFT YAZILIM TECHNOLOGIES LIMITED COMPANY (\u201cCompany\u201d)<\/strong><\/p><p><strong>APPLICATION FORM FOR DATA SUBJECTS TO EXERCISE THEIR RIGHTS<\/strong><\/p><p>In the Personal Data Protection Law No. 6698 (\u201c<strong>KVK Law<\/strong>\u201d) to personal data owners defined as relevant persons (\u201chereinafter \u201c<strong>Applicant<\/strong>\") personal data in accordance with Article 11 of the KVK Law<\/p><p>The right to make certain requests regarding processing is granted.<\/p><p>In accordance with the first paragraph of Article 13 of the KVK Law; Applications regarding these rights to our Company, which is the data controller, must be made in writing or to the Personal Data Protection Board (\u201c<strong>Board<\/strong>\") must be forwarded to us by other methods determined by us.<\/p><p>In this context, applications to be made to our Company in writing must be made by printing this form;<\/p><ul><li>By personal application of the Applicant,<\/li><li>Noter vas\u0131tas\u0131yla,<\/li><li>The Company is registered by signing with the secure electronic signature defined in the Electronic Signature Law No. 5070 by the Applicant. <span><a style=\"color: #020101;\" href=\"mailto:coniasoft@hs01.kep.tr\">coniasoft@hs01.kep.tr<\/a><\/span> by sending to your e-mail address,<\/li><li>It can be forwarded to us by e-mail sent by the Applicant from the e-mail address previously notified to our Company and registered in our Company's system.<\/li><\/ul><p>Below, information is given specific to written application channels on how written applications can be submitted to us.<\/p><table><tbody><tr><td width=\"302\"><strong>Application Method<\/strong><\/td><td width=\"302\"><p>Application in Person (Must come in person and show ID)<\/p><p>Notification via Notary Public<\/p><\/td><\/tr><tr><td width=\"302\"><strong>Address to Application<\/strong><\/td><td width=\"302\">A\u015fkan mah. \u015eahane Sokak. No:36A Meram- Konya<\/td><\/tr><tr><td width=\"302\"><strong>Address to be Specified in Application<\/strong><\/td><td width=\"302\"><p>On the Envelope: \"Information Request Within the Scope of the Personal Data Protection Law\"<\/p><p>In the Notification Envelope: \"Request for Information within the Scope of the Personal Data Protection Law\"<\/p><p>It will be written<\/p><\/td><\/tr><tr><td width=\"302\"><strong>\u201cSecure electronics<\/strong><br \/><strong>Via Registered Electronic Mail (KEP) by signing with \"signature\"<\/strong><\/td><td width=\"302\"><p><span><a href=\"mailto:coniasoft@hs01.kep.tr\">coniasoft@hs01.kep.tr<\/a><\/span><\/p><p>In the subject section: \"Personal Data Protection Law Information Request\" should be written.<\/p><\/td><\/tr><tr><td width=\"302\"><strong>The e-mail address that will be sent from the e-mail address previously notified and registered in our Company's system.<\/strong><strong> ile<\/strong><\/td><td width=\"302\"><p><u>info@ConiaSoft.com<\/u><\/p><p>In the subject section: \"Personal Data Protection Law Information Request\" should be written.<\/p><\/td><\/tr><\/tbody><\/table><p>Our company may request additional information and take the necessary measures to verify the identity of the Applicant in applications made by e-mail. In addition, after the other methods determined by the Board are announced, our Company will announce how applications will be received through these methods. Your applications submitted to us will be responded to within thirty days from the date your request reaches us, depending on the nature of the request, in accordance with the 2nd paragraph of Article 13 of the KVK Law. Our responses will be delivered to you in writing or electronically in accordance with the provision of Article 13 of the relevant KVK Law.<\/p><ol><li><strong>Applicant's Contact Information:<\/strong><\/li><\/ol><p><strong>A.1. For Citizens of the Republic of T\u00fcrkiye:<\/strong><\/p><table><tbody><tr><td width=\"302\">Name<\/td><td width=\"302\">\u00a0<\/td><\/tr><tr><td width=\"302\">Last name<\/td><td width=\"302\">\u00a0<\/td><\/tr><tr><td width=\"302\">Turkish Identity Number<\/td><td width=\"302\">\u00a0<\/td><\/tr><tr><td width=\"302\">Phone number<\/td><td width=\"302\">\u00a0<\/td><\/tr><tr><td width=\"302\">E-mail address<\/td><td width=\"302\">\u00a0<\/td><\/tr><tr><td width=\"302\">Residence Address<\/td><td width=\"302\">\u00a0<\/td><\/tr><\/tbody><\/table><p><strong>A.2<\/strong> <strong>For those who are not citizens of the Republic of T\u00fcrkiye:<\/strong><\/p><table><tbody><tr><td width=\"302\">Name<\/td><td width=\"302\">\u00a0<\/td><\/tr><tr><td width=\"302\">Last name<\/td><td width=\"302\">\u00a0<\/td><\/tr><tr><td width=\"302\">Nationality<\/td><td width=\"302\">\u00a0<\/td><\/tr><tr><td width=\"302\">Passport number<\/td><td width=\"302\">\u00a0<\/td><\/tr><tr><td width=\"302\">Phone number<\/td><td width=\"302\">\u00a0<\/td><\/tr><tr><td width=\"302\">E-mail address<\/td><td width=\"302\">\u00a0<\/td><\/tr><tr><td width=\"302\">Residence Address<\/td><td width=\"302\">\u00a0<\/td><\/tr><\/tbody><\/table><p>\u00a0<\/p><ol><li><strong>ConiaSoft ile Olan \u0130li\u015fkiniz:<\/strong><\/li><\/ol><table style=\"height: 356px;\" width=\"1248\"><tbody><tr><td width=\"217\">\u2610 Customer<\/td><td width=\"161\">\u2610 Visitor<\/td><td width=\"143\">\u2610 Business partner<\/td><td width=\"436\">\u2610 Other<\/td><td width=\"328\">\u2610 Other:<\/td><\/tr><tr><td colspan=\"5\" width=\"1285\">The unit you are in contact with within our company:<\/td><\/tr><tr><td colspan=\"5\" width=\"1285\">Subject :<\/td><\/tr><tr><td colspan=\"5\" width=\"1285\">\u2610 Former Employee\u00a0 \u00a0 \u00a0 \u00a0 \u00a0 *Years Working:<\/td><\/tr><tr><td colspan=\"5\" width=\"1285\">\u2610 I Made a Job Application \/ Resume Sharing \u00a0 \u00a0 \u00a0 \u00a0 *Date:<\/td><\/tr><tr><td colspan=\"5\" width=\"1285\">\u2610 I am a Third Party Company Employee \u00a0 \u00a0 \u00a0 \u00a0 *Please specify the company and position information you work for<\/td><\/tr><\/tbody><\/table><p>\u00a0<\/p><p>C. Ki\u015fisel Verileri Koruma Kanunu Kapsam\u0131ndaki Talebinizi Detayl\u0131 Olarak Belirtiniz.<br \/>&#8212;&#8212;&#8212;&#8212;&#8212;&#8212;&#8212;&#8212;&#8212;&#8212;&#8212;&#8212;&#8212;&#8212;&#8212;&#8212;&#8212;&#8212;&#8212;&#8212;&#8212;&#8212;&#8212;&#8212;&#8212;&#8212;&#8212;&#8212;&#8212;&#8212;&#8212;&#8212;-<br \/>&#8212;&#8212;&#8212;&#8212;&#8212;&#8212;&#8212;&#8212;&#8212;&#8212;&#8212;&#8212;&#8212;&#8212;&#8212;&#8212;&#8212;&#8212;&#8212;&#8212;&#8212;&#8212;&#8212;&#8212;&#8212;&#8212;&#8212;&#8212;&#8212;&#8212;&#8212;&#8212;-<\/p><p>\u2610 I want it to be sent to my address.<br \/>\u2610  I want it sent to my e-mail address.<br \/>(This is the fastest response method.)<br \/>\u2610  I want it sent to my e-mail address.<br \/>In case of delivery by proxy, a notarized power of attorney or authorization document is required<br \/>D. Size Nas\u0131l Yan\u0131t Vermemizi \u0130stedi\u011finizi Se\u00e7iniz.<\/p><p>This application form has been prepared to determine your relationship with our Company and to determine your personal data processed by our Company, if any, in order to respond to your application correctly and within the legal period.<\/p><p>\u00a0<\/p><p><br \/>In order to prevent legal risks that may arise from illegal and unfair data sharing and especially to ensure the security of your personal data, our Company reserves the right to request additional documents and identification (copy of identity card or driver's license, etc.) for identification and authorization determination. If the information regarding your requests submitted within the scope of the form is not accurate and up-to-date or an unauthorized application is made, our Company does not accept responsibility for requests arising from such incorrect information or unauthorized application.<br \/>Ba\u015fvuru Sahibi (Ki\u015fisel Veri Sahibi) Ad\u0131 Soyad\u0131 :<br \/>Application Date<br \/>Signature<\/p>\t\t\t\t\t\t<\/div>\n\t\t\t\t<\/div>\n\t\t\t\t<div class=\"elementor-element elementor-element-1f38afa elementor-align-center elementor-widget elementor-widget-button\" data-id=\"1f38afa\" data-element_type=\"widget\" data-widget_type=\"button.default\">\n\t\t\t\t<div class=\"elementor-widget-container\">\n\t\t\t\t\t<div class=\"elementor-button-wrapper\">\n\t\t\t<a class=\"elementor-button elementor-button-link elementor-size-md\" href=\"http:\/\/217.154.121.85demo\/wp-content\/uploads\/2023\/09\/application-form.pdf\" target=\"_blank\">\n\t\t\t\t\t\t<span class=\"elementor-button-content-wrapper\">\n\t\t\t\t\t\t\t\t\t<span class=\"elementor-button-text\">KVKK APPLICATION FORM<\/span>\n\t\t\t\t\t<\/span>\n\t\t\t\t\t<\/a>\n\t\t<\/div>\n\t\t\t\t<\/div>\n\t\t\t\t<\/div>\n\t\t\t\t\t<\/div>\n\t\t<\/div>\n\t\t\t\t\t<\/div>\n\t\t<\/section>\n\t\t\t\t<\/div>","protected":false},"excerpt":{"rendered":"<p>CONIASOFT YAZILIM TEKNOLOJ\u0130LER\u0130 L\u0130M\u0130TED \u015e\u0130RKET\u0130 (\u201c\u015eirket\u201c ) VER\u0130 SAH\u0130PLER\u0130N\u0130N HAKLARINI KULLANMALARI \u0130\u00c7\u0130N BA\u015eVURU FORMU 6698 Say\u0131l\u0131 Ki\u015fisel Verilerin Korunmas\u0131 Kanunu\u2019nda (\u201cKVK Kanunu\u201d) ilgili ki\u015fi olarak tan\u0131mlanan ki\u015fisel veri sahiplerine (\u201cBundan sonra \u201cBa\u015fvuru Sahibi\u201d olarak an\u0131lacakt\u0131r), KVK Kanunu\u2019nun 11\u2019inci maddesi uyar\u0131nca ki\u015fisel verilerinin i\u015flenmesine ili\u015fkin birtak\u0131m taleplerde bulunma hakk\u0131 tan\u0131nm\u0131\u015ft\u0131r. KVK Kanunu\u2019nun 13\u2019\u00fcnc\u00fc maddesinin birinci f\u0131kras\u0131 [&hellip;]<\/p>","protected":false},"author":1,"featured_media":0,"parent":0,"menu_order":0,"comment_status":"closed","ping_status":"closed","template":"","meta":{"_monsterinsights_skip_tracking":false,"_monsterinsights_sitenote_active":false,"_monsterinsights_sitenote_note":"","_monsterinsights_sitenote_category":0,"footnotes":""},"class_list":["post-19235","page","type-page","status-publish","hentry"],"yoast_head":"<!-- This site is optimized with the Yoast SEO plugin v22.7 - https:\/\/yoast.com\/wordpress\/plugins\/seo\/ -->\n<title>KVKK BA\u015eVURU FORMU - Conia Soft<\/title>\n<meta name=\"description\" content=\"Access ConiaSoft\u2019s KVKK application form to submit requests related to your personal data and exercise your rights under the data protection law.\" \/>\n<meta name=\"robots\" content=\"index, follow, max-snippet:-1, max-image-preview:large, max-video-preview:-1\" \/>\n<link rel=\"canonical\" href=\"https:\/\/coniasoft.com\/en\/kvkk-basvuru-formu\/\" \/>\n<meta property=\"og:locale\" content=\"en_US\" \/>\n<meta property=\"og:type\" content=\"article\" \/>\n<meta property=\"og:title\" content=\"KVKK BA\u015eVURU FORMU - Conia Soft\" \/>\n<meta property=\"og:description\" content=\"Access ConiaSoft\u2019s KVKK application form to submit requests related to your personal data and exercise your rights under the data protection law.\" \/>\n<meta property=\"og:url\" content=\"https:\/\/coniasoft.com\/en\/kvkk-basvuru-formu\/\" \/>\n<meta property=\"og:site_name\" content=\"Conia Soft\" \/>\n<meta property=\"article:modified_time\" content=\"2024-10-03T08:02:46+00:00\" \/>\n<meta name=\"twitter:card\" content=\"summary_large_image\" \/>\n<meta name=\"twitter:label1\" content=\"Est. reading time\" \/>\n\t<meta name=\"twitter:data1\" content=\"3 minutes\" \/>\n<script type=\"application\/ld+json\" class=\"yoast-schema-graph\">{\"@context\":\"https:\/\/schema.org\",\"@graph\":[{\"@type\":\"WebPage\",\"@id\":\"https:\/\/coniasoft.com\/kvkk-basvuru-formu\/\",\"url\":\"https:\/\/coniasoft.com\/kvkk-basvuru-formu\/\",\"name\":\"KVKK BA\u015eVURU FORMU - Conia Soft\",\"isPartOf\":{\"@id\":\"https:\/\/coniasoft.com\/en\/#website\"},\"datePublished\":\"2023-09-18T07:52:50+00:00\",\"dateModified\":\"2024-10-03T08:02:46+00:00\",\"description\":\"Access ConiaSoft\u2019s KVKK application form to submit requests related to your personal data and exercise your rights under the data protection law.\",\"breadcrumb\":{\"@id\":\"https:\/\/coniasoft.com\/kvkk-basvuru-formu\/#breadcrumb\"},\"inLanguage\":\"en-US\",\"potentialAction\":[{\"@type\":\"ReadAction\",\"target\":[\"https:\/\/coniasoft.com\/kvkk-basvuru-formu\/\"]}]},{\"@type\":\"BreadcrumbList\",\"@id\":\"https:\/\/coniasoft.com\/kvkk-basvuru-formu\/#breadcrumb\",\"itemListElement\":[{\"@type\":\"ListItem\",\"position\":1,\"name\":\"Home\",\"item\":\"https:\/\/coniasoft.com\/\"},{\"@type\":\"ListItem\",\"position\":2,\"name\":\"KVKK BA\u015eVURU FORMU\"}]},{\"@type\":\"WebSite\",\"@id\":\"https:\/\/coniasoft.com\/en\/#website\",\"url\":\"https:\/\/coniasoft.com\/en\/\",\"name\":\"Conia Soft\",\"description\":\"Software Packages for all IT Solutions\",\"publisher\":{\"@id\":\"https:\/\/coniasoft.com\/en\/#organization\"},\"potentialAction\":[{\"@type\":\"SearchAction\",\"target\":{\"@type\":\"EntryPoint\",\"urlTemplate\":\"https:\/\/coniasoft.com\/en\/?s={search_term_string}\"},\"query-input\":\"required name=search_term_string\"}],\"inLanguage\":\"en-US\"},{\"@type\":\"Organization\",\"@id\":\"https:\/\/coniasoft.com\/en\/#organization\",\"name\":\"Conia Soft\",\"url\":\"https:\/\/coniasoft.com\/en\/\",\"logo\":{\"@type\":\"ImageObject\",\"inLanguage\":\"en-US\",\"@id\":\"https:\/\/coniasoft.com\/en\/#\/schema\/logo\/image\/\",\"url\":\"http:\/\/217.154.121.85demo\/wp-content\/uploads\/2021\/04\/conia-2-1.png\",\"contentUrl\":\"http:\/\/217.154.121.85demo\/wp-content\/uploads\/2021\/04\/conia-2-1.png\",\"width\":5243,\"height\":1200,\"caption\":\"Conia Soft\"},\"image\":{\"@id\":\"https:\/\/coniasoft.com\/en\/#\/schema\/logo\/image\/\"}}]}<\/script>\n<!-- \/ Yoast SEO plugin. -->","yoast_head_json":{"title":"KVKK BA\u015eVURU FORMU - Conia Soft","description":"Access ConiaSoft\u2019s KVKK application form to submit requests related to your personal data and exercise your rights under the data protection law.","robots":{"index":"index","follow":"follow","max-snippet":"max-snippet:-1","max-image-preview":"max-image-preview:large","max-video-preview":"max-video-preview:-1"},"canonical":"https:\/\/coniasoft.com\/en\/kvkk-basvuru-formu\/","og_locale":"en_US","og_type":"article","og_title":"KVKK BA\u015eVURU FORMU - Conia Soft","og_description":"Access ConiaSoft\u2019s KVKK application form to submit requests related to your personal data and exercise your rights under the data protection law.","og_url":"https:\/\/coniasoft.com\/en\/kvkk-basvuru-formu\/","og_site_name":"Conia Soft","article_modified_time":"2024-10-03T08:02:46+00:00","twitter_card":"summary_large_image","twitter_misc":{"Est. reading time":"3 minutes"},"schema":{"@context":"https:\/\/schema.org","@graph":[{"@type":"WebPage","@id":"https:\/\/coniasoft.com\/kvkk-basvuru-formu\/","url":"https:\/\/coniasoft.com\/kvkk-basvuru-formu\/","name":"KVKK BA\u015eVURU FORMU - Conia Soft","isPartOf":{"@id":"https:\/\/coniasoft.com\/en\/#website"},"datePublished":"2023-09-18T07:52:50+00:00","dateModified":"2024-10-03T08:02:46+00:00","description":"Access ConiaSoft\u2019s KVKK application form to submit requests related to your personal data and exercise your rights under the data protection law.","breadcrumb":{"@id":"https:\/\/coniasoft.com\/kvkk-basvuru-formu\/#breadcrumb"},"inLanguage":"en-US","potentialAction":[{"@type":"ReadAction","target":["https:\/\/coniasoft.com\/kvkk-basvuru-formu\/"]}]},{"@type":"BreadcrumbList","@id":"https:\/\/coniasoft.com\/kvkk-basvuru-formu\/#breadcrumb","itemListElement":[{"@type":"ListItem","position":1,"name":"Home","item":"https:\/\/coniasoft.com\/"},{"@type":"ListItem","position":2,"name":"KVKK BA\u015eVURU FORMU"}]},{"@type":"WebSite","@id":"https:\/\/coniasoft.com\/en\/#website","url":"https:\/\/coniasoft.com\/en\/","name":"Conia Soft","description":"Software Packages for all IT Solutions","publisher":{"@id":"https:\/\/coniasoft.com\/en\/#organization"},"potentialAction":[{"@type":"SearchAction","target":{"@type":"EntryPoint","urlTemplate":"https:\/\/coniasoft.com\/en\/?s={search_term_string}"},"query-input":"required name=search_term_string"}],"inLanguage":"en-US"},{"@type":"Organization","@id":"https:\/\/coniasoft.com\/en\/#organization","name":"Conia Soft","url":"https:\/\/coniasoft.com\/en\/","logo":{"@type":"ImageObject","inLanguage":"en-US","@id":"https:\/\/coniasoft.com\/en\/#\/schema\/logo\/image\/","url":"http:\/\/217.154.121.85demo\/wp-content\/uploads\/2021\/04\/conia-2-1.png","contentUrl":"http:\/\/217.154.121.85demo\/wp-content\/uploads\/2021\/04\/conia-2-1.png","width":5243,"height":1200,"caption":"Conia Soft"},"image":{"@id":"https:\/\/coniasoft.com\/en\/#\/schema\/logo\/image\/"}}]}},"_links":{"self":[{"href":"https:\/\/coniasoft.com\/en\/wp-json\/wp\/v2\/pages\/19235","targetHints":{"allow":["GET"]}}],"collection":[{"href":"https:\/\/coniasoft.com\/en\/wp-json\/wp\/v2\/pages"}],"about":[{"href":"https:\/\/coniasoft.com\/en\/wp-json\/wp\/v2\/types\/page"}],"author":[{"embeddable":true,"href":"https:\/\/coniasoft.com\/en\/wp-json\/wp\/v2\/users\/1"}],"replies":[{"embeddable":true,"href":"https:\/\/coniasoft.com\/en\/wp-json\/wp\/v2\/comments?post=19235"}],"version-history":[{"count":10,"href":"https:\/\/coniasoft.com\/en\/wp-json\/wp\/v2\/pages\/19235\/revisions"}],"predecessor-version":[{"id":19514,"href":"https:\/\/coniasoft.com\/en\/wp-json\/wp\/v2\/pages\/19235\/revisions\/19514"}],"wp:attachment":[{"href":"https:\/\/coniasoft.com\/en\/wp-json\/wp\/v2\/media?parent=19235"}],"curies":[{"name":"wp","href":"https:\/\/api.w.org\/{rel}","templated":true}]}}