
{"id":19219,"date":"2023-09-18T07:34:14","date_gmt":"2023-09-18T07:34:14","guid":{"rendered":"http:\/\/217.154.121.85demo\/?page_id=19219"},"modified":"2024-10-03T08:01:12","modified_gmt":"2024-10-03T08:01:12","slug":"kvkk-acik-riza-metni","status":"publish","type":"page","link":"https:\/\/coniasoft.com\/en\/kvkk-acik-riza-metni\/","title":{"rendered":"KVKK EXPLICIT CONSENT TEXT"},"content":{"rendered":"<div data-elementor-type=\"wp-post\" data-elementor-id=\"19219\" class=\"elementor elementor-19219\" data-elementor-post-type=\"page\">\n\t\t\t\t\t\t<section class=\"elementor-section elementor-top-section elementor-element elementor-element-2b4ee47 elementor-section-boxed elementor-section-height-default elementor-section-height-default\" data-id=\"2b4ee47\" data-element_type=\"section\" data-settings=\"{&quot;background_background&quot;:&quot;classic&quot;}\">\n\t\t\t\t\t\t<div class=\"elementor-container elementor-column-gap-default\">\n\t\t\t\t\t<div class=\"elementor-column elementor-col-100 elementor-top-column elementor-element elementor-element-b449286\" data-id=\"b449286\" data-element_type=\"column\">\n\t\t\t<div class=\"elementor-widget-wrap elementor-element-populated\">\n\t\t\t\t\t\t<div class=\"elementor-element elementor-element-8d112ec elementor-widget elementor-widget-text-editor\" data-id=\"8d112ec\" data-element_type=\"widget\" data-widget_type=\"text-editor.default\">\n\t\t\t\t<div class=\"elementor-widget-container\">\n\t\t\t\t\t\t\t<p>PROTECTION OF PERSONAL DATA<\/p><p><strong>CONSENT TEXT REGARDING THE PROCESSING OF PERSONAL DATA<\/strong><\/p><p>Our company CONIASOFT Yaz\u0131l\u0131m Teknolojileri Limited \u015eirketi has the title of \"data controller\" within the scope of the Personal Data Protection Law No. 6698 (\"Law\") in terms of personal data of customers and this Consent Text aims to obtain the explicit consent of the customers regarding the following personal data processing activities carried out by CONIASOFT in accordance with the said Law.<\/p><p>In the following cases where the personal data processing conditions in Articles 5\/2 and 6\/3 of the Law cannot be met, express consent of the customers must be obtained in order for CONIASOFT to process personal data. Data processing activities are carried out within the scope of the Clarification Text regarding processes that do not require explicit consent, and in processes that require explicit consent, data is processed in accordance with the basic principles specified in the Clarification Text.<\/p><p>In this context, customers' personal data are processed by CONIASOFT for the purposes specified under Chapter 3 - Article IV of the Policy on Processing and Protection of Personal Data established within the Scope of Law No. 6698 and in accordance with the procedure herein. Accordingly, personal data; Creating campaigns for customers, offering special opportunities to CONIASOFT customers by CONIASOFT business partners that they can use for CONIASOFT, cross-selling, determining the target audience, carrying out activities that increase user experience by tracking customer movements, improving the functioning of CONIASOFT's website and mobile application and meeting customer needs. personalization, direct and non-direct marketing, carrying out personalized marketing and remarketing activities, carrying out personalized segmentation, targeting, analysis and in-company reporting activities, market research, planning and execution of customer satisfaction activities, relevant products and services offered by CONIASOFT. Planning and execution of the sales and marketing processes of CONIASOFT's products and\/or services in general, including the purposes of recommending and promoting them to the relevant people by customizing them according to people's tastes, usage habits and needs, and planning and execution of customer relationship management processes, and\/or within the scope of planning and execution of the processes of establishing and\/or increasing loyalty to the services, in line with the approval of the Customer, and may be shared with the parties specified in the Information Text for these purposes.<\/p>\t\t\t\t\t\t<\/div>\n\t\t\t\t<\/div>\n\t\t\t\t\t<\/div>\n\t\t<\/div>\n\t\t\t\t\t<\/div>\n\t\t<\/section>\n\t\t\t\t<\/div>","protected":false},"excerpt":{"rendered":"<p>K\u0130\u015e\u0130SEL VER\u0130LER\u0130N KORUNMASI K\u0130\u015e\u0130SEL VER\u0130LER\u0130N \u0130\u015eLENMES\u0130NE \u0130L\u0130\u015eK\u0130N RIZA METN\u0130 \u015eirketimiz CONIASOFT Yaz\u0131l\u0131m Teknolojileri Limited \u015eirketi, m\u00fc\u015fterilere ili\u015fkin ki\u015fisel veriler bak\u0131m\u0131ndan 6698 say\u0131l\u0131 Ki\u015fisel Verilerin Korunmas\u0131 Kanunu (\u201cKanun\u201d) kapsam\u0131nda \u201cveri sorumlusu\u201d s\u0131fat\u0131na sahip olup i\u015fbu R\u0131za Metni ile s\u00f6z konusu Kanun uyar\u0131nca m\u00fc\u015fterilerin CONIASOFT taraf\u0131ndan ger\u00e7ekle\u015ftirilen ve a\u015fa\u011f\u0131da belirtilen ki\u015fisel veri i\u015fleme faaliyetlerine ili\u015fkin a\u00e7\u0131k r\u0131zalar\u0131n\u0131n [&hellip;]<\/p>","protected":false},"author":1,"featured_media":0,"parent":0,"menu_order":0,"comment_status":"closed","ping_status":"closed","template":"","meta":{"_monsterinsights_skip_tracking":false,"_monsterinsights_sitenote_active":false,"_monsterinsights_sitenote_note":"","_monsterinsights_sitenote_category":0,"footnotes":""},"class_list":["post-19219","page","type-page","status-publish","hentry"],"yoast_head":"<!-- This site is optimized with the Yoast SEO plugin v22.7 - https:\/\/yoast.com\/wordpress\/plugins\/seo\/ -->\n<title>KVKK A\u00c7IK RIZA METN\u0130 - Conia Soft<\/title>\n<meta name=\"description\" content=\"Read ConiaSoft\u2019s KVKK explicit consent text to understand how we handle personal data collection, ensuring transparency and compliance with Turkish data protection laws.\" \/>\n<meta name=\"robots\" content=\"index, follow, max-snippet:-1, max-image-preview:large, max-video-preview:-1\" \/>\n<link rel=\"canonical\" href=\"https:\/\/coniasoft.com\/en\/kvkk-acik-riza-metni\/\" \/>\n<meta property=\"og:locale\" content=\"en_US\" \/>\n<meta property=\"og:type\" content=\"article\" \/>\n<meta property=\"og:title\" content=\"KVKK A\u00c7IK RIZA METN\u0130 - Conia Soft\" \/>\n<meta property=\"og:description\" content=\"Read ConiaSoft\u2019s KVKK explicit consent text to understand how we handle personal data collection, ensuring transparency and compliance with Turkish data protection laws.\" \/>\n<meta property=\"og:url\" content=\"https:\/\/coniasoft.com\/en\/kvkk-acik-riza-metni\/\" \/>\n<meta property=\"og:site_name\" content=\"Conia Soft\" \/>\n<meta property=\"article:modified_time\" content=\"2024-10-03T08:01:12+00:00\" \/>\n<meta name=\"twitter:card\" content=\"summary_large_image\" \/>\n<meta name=\"twitter:label1\" content=\"Est. reading time\" \/>\n\t<meta name=\"twitter:data1\" content=\"2 minutes\" \/>\n<script type=\"application\/ld+json\" class=\"yoast-schema-graph\">{\"@context\":\"https:\/\/schema.org\",\"@graph\":[{\"@type\":\"WebPage\",\"@id\":\"https:\/\/coniasoft.com\/kvkk-acik-riza-metni\/\",\"url\":\"https:\/\/coniasoft.com\/kvkk-acik-riza-metni\/\",\"name\":\"KVKK A\u00c7IK RIZA METN\u0130 - Conia Soft\",\"isPartOf\":{\"@id\":\"https:\/\/coniasoft.com\/en\/#website\"},\"datePublished\":\"2023-09-18T07:34:14+00:00\",\"dateModified\":\"2024-10-03T08:01:12+00:00\",\"description\":\"Read ConiaSoft\u2019s KVKK explicit consent text to understand how we handle personal data collection, ensuring transparency and compliance with Turkish data protection laws.\",\"breadcrumb\":{\"@id\":\"https:\/\/coniasoft.com\/kvkk-acik-riza-metni\/#breadcrumb\"},\"inLanguage\":\"en-US\",\"potentialAction\":[{\"@type\":\"ReadAction\",\"target\":[\"https:\/\/coniasoft.com\/kvkk-acik-riza-metni\/\"]}]},{\"@type\":\"BreadcrumbList\",\"@id\":\"https:\/\/coniasoft.com\/kvkk-acik-riza-metni\/#breadcrumb\",\"itemListElement\":[{\"@type\":\"ListItem\",\"position\":1,\"name\":\"Home\",\"item\":\"https:\/\/coniasoft.com\/\"},{\"@type\":\"ListItem\",\"position\":2,\"name\":\"KVKK A\u00c7IK RIZA METN\u0130\"}]},{\"@type\":\"WebSite\",\"@id\":\"https:\/\/coniasoft.com\/en\/#website\",\"url\":\"https:\/\/coniasoft.com\/en\/\",\"name\":\"Conia Soft\",\"description\":\"Software Packages for all IT Solutions\",\"publisher\":{\"@id\":\"https:\/\/coniasoft.com\/en\/#organization\"},\"potentialAction\":[{\"@type\":\"SearchAction\",\"target\":{\"@type\":\"EntryPoint\",\"urlTemplate\":\"https:\/\/coniasoft.com\/en\/?s={search_term_string}\"},\"query-input\":\"required name=search_term_string\"}],\"inLanguage\":\"en-US\"},{\"@type\":\"Organization\",\"@id\":\"https:\/\/coniasoft.com\/en\/#organization\",\"name\":\"Conia Soft\",\"url\":\"https:\/\/coniasoft.com\/en\/\",\"logo\":{\"@type\":\"ImageObject\",\"inLanguage\":\"en-US\",\"@id\":\"https:\/\/coniasoft.com\/en\/#\/schema\/logo\/image\/\",\"url\":\"http:\/\/217.154.121.85demo\/wp-content\/uploads\/2021\/04\/conia-2-1.png\",\"contentUrl\":\"http:\/\/217.154.121.85demo\/wp-content\/uploads\/2021\/04\/conia-2-1.png\",\"width\":5243,\"height\":1200,\"caption\":\"Conia Soft\"},\"image\":{\"@id\":\"https:\/\/coniasoft.com\/en\/#\/schema\/logo\/image\/\"}}]}<\/script>\n<!-- \/ Yoast SEO plugin. -->","yoast_head_json":{"title":"KVKK A\u00c7IK RIZA METN\u0130 - Conia Soft","description":"Read ConiaSoft\u2019s KVKK explicit consent text to understand how we handle personal data collection, ensuring transparency and compliance with Turkish data protection laws.","robots":{"index":"index","follow":"follow","max-snippet":"max-snippet:-1","max-image-preview":"max-image-preview:large","max-video-preview":"max-video-preview:-1"},"canonical":"https:\/\/coniasoft.com\/en\/kvkk-acik-riza-metni\/","og_locale":"en_US","og_type":"article","og_title":"KVKK A\u00c7IK RIZA METN\u0130 - Conia Soft","og_description":"Read ConiaSoft\u2019s KVKK explicit consent text to understand how we handle personal data collection, ensuring transparency and compliance with Turkish data protection laws.","og_url":"https:\/\/coniasoft.com\/en\/kvkk-acik-riza-metni\/","og_site_name":"Conia Soft","article_modified_time":"2024-10-03T08:01:12+00:00","twitter_card":"summary_large_image","twitter_misc":{"Est. reading time":"2 minutes"},"schema":{"@context":"https:\/\/schema.org","@graph":[{"@type":"WebPage","@id":"https:\/\/coniasoft.com\/kvkk-acik-riza-metni\/","url":"https:\/\/coniasoft.com\/kvkk-acik-riza-metni\/","name":"KVKK A\u00c7IK RIZA METN\u0130 - Conia Soft","isPartOf":{"@id":"https:\/\/coniasoft.com\/en\/#website"},"datePublished":"2023-09-18T07:34:14+00:00","dateModified":"2024-10-03T08:01:12+00:00","description":"Read ConiaSoft\u2019s KVKK explicit consent text to understand how we handle personal data collection, ensuring transparency and compliance with Turkish data protection laws.","breadcrumb":{"@id":"https:\/\/coniasoft.com\/kvkk-acik-riza-metni\/#breadcrumb"},"inLanguage":"en-US","potentialAction":[{"@type":"ReadAction","target":["https:\/\/coniasoft.com\/kvkk-acik-riza-metni\/"]}]},{"@type":"BreadcrumbList","@id":"https:\/\/coniasoft.com\/kvkk-acik-riza-metni\/#breadcrumb","itemListElement":[{"@type":"ListItem","position":1,"name":"Home","item":"https:\/\/coniasoft.com\/"},{"@type":"ListItem","position":2,"name":"KVKK A\u00c7IK RIZA METN\u0130"}]},{"@type":"WebSite","@id":"https:\/\/coniasoft.com\/en\/#website","url":"https:\/\/coniasoft.com\/en\/","name":"Conia Soft","description":"Software Packages for all IT Solutions","publisher":{"@id":"https:\/\/coniasoft.com\/en\/#organization"},"potentialAction":[{"@type":"SearchAction","target":{"@type":"EntryPoint","urlTemplate":"https:\/\/coniasoft.com\/en\/?s={search_term_string}"},"query-input":"required name=search_term_string"}],"inLanguage":"en-US"},{"@type":"Organization","@id":"https:\/\/coniasoft.com\/en\/#organization","name":"Conia Soft","url":"https:\/\/coniasoft.com\/en\/","logo":{"@type":"ImageObject","inLanguage":"en-US","@id":"https:\/\/coniasoft.com\/en\/#\/schema\/logo\/image\/","url":"http:\/\/217.154.121.85demo\/wp-content\/uploads\/2021\/04\/conia-2-1.png","contentUrl":"http:\/\/217.154.121.85demo\/wp-content\/uploads\/2021\/04\/conia-2-1.png","width":5243,"height":1200,"caption":"Conia Soft"},"image":{"@id":"https:\/\/coniasoft.com\/en\/#\/schema\/logo\/image\/"}}]}},"_links":{"self":[{"href":"https:\/\/coniasoft.com\/en\/wp-json\/wp\/v2\/pages\/19219","targetHints":{"allow":["GET"]}}],"collection":[{"href":"https:\/\/coniasoft.com\/en\/wp-json\/wp\/v2\/pages"}],"about":[{"href":"https:\/\/coniasoft.com\/en\/wp-json\/wp\/v2\/types\/page"}],"author":[{"embeddable":true,"href":"https:\/\/coniasoft.com\/en\/wp-json\/wp\/v2\/users\/1"}],"replies":[{"embeddable":true,"href":"https:\/\/coniasoft.com\/en\/wp-json\/wp\/v2\/comments?post=19219"}],"version-history":[{"count":16,"href":"https:\/\/coniasoft.com\/en\/wp-json\/wp\/v2\/pages\/19219\/revisions"}],"predecessor-version":[{"id":19526,"href":"https:\/\/coniasoft.com\/en\/wp-json\/wp\/v2\/pages\/19219\/revisions\/19526"}],"wp:attachment":[{"href":"https:\/\/coniasoft.com\/en\/wp-json\/wp\/v2\/media?parent=19219"}],"curies":[{"name":"wp","href":"https:\/\/api.w.org\/{rel}","templated":true}]}}