
{"id":15643,"date":"2023-07-18T11:53:03","date_gmt":"2023-07-18T11:53:03","guid":{"rendered":"http:\/\/217.154.121.85demo\/?page_id=15643"},"modified":"2024-10-03T08:00:26","modified_gmt":"2024-10-03T08:00:26","slug":"baskanin-mesaji","status":"publish","type":"page","link":"https:\/\/coniasoft.com\/en\/baskanin-mesaji\/","title":{"rendered":"President\u2018s Message"},"content":{"rendered":"<div data-elementor-type=\"wp-post\" data-elementor-id=\"15643\" class=\"elementor elementor-15643\" data-elementor-post-type=\"page\">\n\t\t\t\t\t\t<section class=\"elementor-section elementor-top-section elementor-element elementor-element-20d93488 elementor-section-boxed elementor-section-height-default elementor-section-height-default\" data-id=\"20d93488\" data-element_type=\"section\">\n\t\t\t\t\t\t<div class=\"elementor-container elementor-column-gap-default\">\n\t\t\t\t\t<div class=\"elementor-column elementor-col-50 elementor-top-column elementor-element elementor-element-28265250\" data-id=\"28265250\" data-element_type=\"column\">\n\t\t\t<div class=\"elementor-widget-wrap elementor-element-populated\">\n\t\t\t\t\t\t<div class=\"elementor-element elementor-element-b7265ac elementor-widget elementor-widget-spacer\" data-id=\"b7265ac\" data-element_type=\"widget\" data-widget_type=\"spacer.default\">\n\t\t\t\t<div class=\"elementor-widget-container\">\n\t\t\t\t\t<div class=\"elementor-spacer\">\n\t\t\t<div class=\"elementor-spacer-inner\"><\/div>\n\t\t<\/div>\n\t\t\t\t<\/div>\n\t\t\t\t<\/div>\n\t\t\t\t<div class=\"elementor-element elementor-element-2aa092af elementor-widget__width-initial elementor-widget elementor-widget-image\" data-id=\"2aa092af\" data-element_type=\"widget\" data-widget_type=\"image.default\">\n\t\t\t\t<div class=\"elementor-widget-container\">\n\t\t\t\t\t\t\t\t\t\t\t\t\t<img fetchpriority=\"high\" decoding=\"async\" width=\"1476\" height=\"2048\" src=\"https:\/\/coniasoft.com\/wp-content\/uploads\/2023\/06\/sakir-1476x2048-1.png\" class=\"attachment-full size-full wp-image-13790\" alt=\"\" srcset=\"https:\/\/coniasoft.com\/wp-content\/uploads\/2023\/06\/sakir-1476x2048-1.png 1476w, https:\/\/coniasoft.com\/wp-content\/uploads\/2023\/06\/sakir-1476x2048-1-216x300.png 216w, https:\/\/coniasoft.com\/wp-content\/uploads\/2023\/06\/sakir-1476x2048-1-738x1024.png 738w, https:\/\/coniasoft.com\/wp-content\/uploads\/2023\/06\/sakir-1476x2048-1-768x1066.png 768w, https:\/\/coniasoft.com\/wp-content\/uploads\/2023\/06\/sakir-1476x2048-1-1107x1536.png 1107w, https:\/\/coniasoft.com\/wp-content\/uploads\/2023\/06\/sakir-1476x2048-1-480x666.png 480w, https:\/\/coniasoft.com\/wp-content\/uploads\/2023\/06\/sakir-1476x2048-1-1200x1665.png 1200w\" sizes=\"(max-width: 1476px) 100vw, 1476px\" title=\"\" \/>\t\t\t\t\t\t\t\t\t\t\t\t\t<\/div>\n\t\t\t\t<\/div>\n\t\t\t\t<div class=\"elementor-element elementor-element-4ff82c0a gt3_rotated_element elementor-widget__width-initial elementor-absolute elementor-widget elementor-widget-image\" data-id=\"4ff82c0a\" data-element_type=\"widget\" data-settings=\"{&quot;_position&quot;:&quot;absolute&quot;}\" data-widget_type=\"image.default\">\n\t\t\t\t<div class=\"elementor-widget-container\">\n\t\t\t\t\t\t\t\t\t\t\t\t\t<img decoding=\"async\" width=\"72\" height=\"74\" src=\"https:\/\/coniasoft.com\/wp-content\/uploads\/2019\/12\/triangle_orange.png\" class=\"attachment-full size-full wp-image-3274\" alt=\"\" srcset=\"https:\/\/coniasoft.com\/wp-content\/uploads\/2019\/12\/triangle_orange.png 72w, https:\/\/coniasoft.com\/wp-content\/uploads\/2019\/12\/triangle_orange-50x50.png 50w\" sizes=\"(max-width: 72px) 100vw, 72px\" title=\"triangle\" \/>\t\t\t\t\t\t\t\t\t\t\t\t\t<\/div>\n\t\t\t\t<\/div>\n\t\t\t\t\t<\/div>\n\t\t<\/div>\n\t\t\t\t<div class=\"elementor-column elementor-col-50 elementor-top-column elementor-element elementor-element-12070843\" data-id=\"12070843\" data-element_type=\"column\">\n\t\t\t<div class=\"elementor-widget-wrap elementor-element-populated\">\n\t\t\t\t\t\t<div class=\"elementor-element elementor-element-3334f5f0 elementor-widget elementor-widget-spacer\" data-id=\"3334f5f0\" data-element_type=\"widget\" data-widget_type=\"spacer.default\">\n\t\t\t\t<div class=\"elementor-widget-container\">\n\t\t\t\t\t<div class=\"elementor-spacer\">\n\t\t\t<div class=\"elementor-spacer-inner\"><\/div>\n\t\t<\/div>\n\t\t\t\t<\/div>\n\t\t\t\t<\/div>\n\t\t\t\t<div class=\"elementor-element elementor-element-5d5dbecf elementor-align-left elementor-widget elementor-widget-button\" data-id=\"5d5dbecf\" data-element_type=\"widget\" data-widget_type=\"button.default\">\n\t\t\t\t<div class=\"elementor-widget-container\">\n\t\t\t\t\t<div class=\"elementor-button-wrapper\">\n\t\t\t<a class=\"elementor-button elementor-button-link elementor-size-sm\" href=\"#\">\n\t\t\t\t\t\t<span class=\"elementor-button-content-wrapper\">\n\t\t\t\t\t\t\t\t\t<span class=\"elementor-button-text\">President\u2018s Message<\/span>\n\t\t\t\t\t<\/span>\n\t\t\t\t\t<\/a>\n\t\t<\/div>\n\t\t\t\t<\/div>\n\t\t\t\t<\/div>\n\t\t\t\t<div class=\"elementor-element elementor-element-273f1697 elementor-widget elementor-widget-spacer\" data-id=\"273f1697\" data-element_type=\"widget\" data-widget_type=\"spacer.default\">\n\t\t\t\t<div class=\"elementor-widget-container\">\n\t\t\t\t\t<div class=\"elementor-spacer\">\n\t\t\t<div class=\"elementor-spacer-inner\"><\/div>\n\t\t<\/div>\n\t\t\t\t<\/div>\n\t\t\t\t<\/div>\n\t\t\t\t<div class=\"elementor-element-custom_font_size elementor-element-custom_line_height elementor-element elementor-element-356735bf elementor-widget elementor-widget-text-editor\" data-id=\"356735bf\" data-element_type=\"widget\" data-widget_type=\"text-editor.default\">\n\t\t\t\t<div class=\"elementor-widget-container\">\n\t\t\t\t\t\t\t<p>As ConiaSoft; We believe that the technology needed should be accessible to all sectors, regardless of size or budget.<\/p><p>Our mission is to empower businesses with cutting-edge software solutions that streamline operations, increase productivity and improve customer experiences.<\/p><p>For this purpose, we offer a wide range of software products specially designed for all sectors such as accounting, health, aviation, hospitality, banking.<\/p><p>As the Founder of ConiaSoft, I wholeheartedly believe that \u201ctechnology is a development tool and it is our responsibility to use it to make the world a better place\u201d.<\/p><p>We are committed to providing innovative solutions that technologically improve and transform the working processes of businesses.<\/p><p>Our team of experienced professionals is always with you to develop software solutions to meet the unique needs of different industries.<\/p><p>We must develop the technologies of the future in a way that we humans can control, so that the technologies of the future that we design and develop will make our lives easier.<\/p><p>Shape your future with ConiaSoft to realize your visions.<\/p><p><b><span style=\"vertical-align: inherit;\"><span style=\"vertical-align: inherit;\"><span style=\"vertical-align: inherit;\"><span style=\"vertical-align: inherit;\">\u015eakir Yavuz<br \/><\/span><\/span><\/span><\/span><\/b><span style=\"color: #ff6600;\"><strong>Founder and President<br \/><\/strong><\/span><strong>CONIASOFT SOFTWARE TECHNOLOGIES LTD.<\/strong><\/p>\t\t\t\t\t\t<\/div>\n\t\t\t\t<\/div>\n\t\t\t\t<div class=\"elementor-element elementor-element-5493659e gt3_rotated_element elementor-widget__width-initial elementor-absolute elementor-widget elementor-widget-image\" data-id=\"5493659e\" data-element_type=\"widget\" data-settings=\"{&quot;_position&quot;:&quot;absolute&quot;}\" data-widget_type=\"image.default\">\n\t\t\t\t<div class=\"elementor-widget-container\">\n\t\t\t\t\t\t\t\t\t\t\t\t\t<img decoding=\"async\" width=\"72\" height=\"74\" src=\"https:\/\/coniasoft.com\/wp-content\/uploads\/2019\/12\/triangle_orange.png\" class=\"attachment-full size-full wp-image-3274\" alt=\"\" srcset=\"https:\/\/coniasoft.com\/wp-content\/uploads\/2019\/12\/triangle_orange.png 72w, https:\/\/coniasoft.com\/wp-content\/uploads\/2019\/12\/triangle_orange-50x50.png 50w\" sizes=\"(max-width: 72px) 100vw, 72px\" title=\"triangle\" \/>\t\t\t\t\t\t\t\t\t\t\t\t\t<\/div>\n\t\t\t\t<\/div>\n\t\t\t\t\t<\/div>\n\t\t<\/div>\n\t\t\t\t\t<\/div>\n\t\t<\/section>\n\t\t\t\t<\/div>","protected":false},"excerpt":{"rendered":"<p>Ba\u015fkan\u0131n Mesaj\u0131 ConiaSoft olarak; ihtiya\u00e7 duyulan teknolojinin, b\u00fcy\u00fckl\u00fck veya b\u00fct\u00e7e fark\u0131 g\u00f6zekmeksizin t\u00fcm sekt\u00f6rler taraf\u0131ndan eri\u015filebilir olmas\u0131 gerekti\u011fine inan\u0131yoruz. Misyonumuz, operasyonlar\u0131 kolayla\u015ft\u0131ran, \u00fcretkenli\u011fi art\u0131ran ve m\u00fc\u015fteri deneyimlerini iyile\u015ftiren son teknoloji yaz\u0131l\u0131m \u00e7\u00f6z\u00fcmleriyle i\u015fletmeleri g\u00fc\u00e7lendirmektir. Bu ama\u00e7 ile muhasebe, sa\u011fl\u0131k, havac\u0131l\u0131k, konaklama, bankac\u0131l\u0131k gibi b\u00fct\u00fcn sekt\u00f6rler i\u00e7in \u00f6zel olarak tasarlanm\u0131\u015f \u00e7ok \u00e7e\u015fitli yaz\u0131l\u0131m \u00fcr\u00fcnleri sunuyoruz. ConiaSoft\u2019un [&hellip;]<\/p>","protected":false},"author":1,"featured_media":0,"parent":0,"menu_order":0,"comment_status":"closed","ping_status":"closed","template":"","meta":{"_monsterinsights_skip_tracking":false,"_monsterinsights_sitenote_active":false,"_monsterinsights_sitenote_note":"","_monsterinsights_sitenote_category":0,"footnotes":""},"class_list":["post-15643","page","type-page","status-publish","hentry"],"yoast_head":"<!-- This site is optimized with the Yoast SEO plugin v22.7 - https:\/\/yoast.com\/wordpress\/plugins\/seo\/ -->\n<title>Ba\u015fkan\u0131n Mesaj\u0131 - Conia Soft<\/title>\n<meta name=\"description\" content=\"Read the inspiring message from ConiaSoft\u2019s President, Dr. Sakir Yavuz, as he shares the vision and future of ConiaSoft&#039;s role in shaping the digital transformation landscape.\" \/>\n<meta name=\"robots\" content=\"index, follow, max-snippet:-1, max-image-preview:large, max-video-preview:-1\" \/>\n<link rel=\"canonical\" href=\"https:\/\/coniasoft.com\/en\/baskanin-mesaji\/\" \/>\n<meta property=\"og:locale\" content=\"en_US\" \/>\n<meta property=\"og:type\" content=\"article\" \/>\n<meta property=\"og:title\" content=\"Ba\u015fkan\u0131n Mesaj\u0131 - Conia Soft\" \/>\n<meta property=\"og:description\" content=\"Read the inspiring message from ConiaSoft\u2019s President, Dr. Sakir Yavuz, as he shares the vision and future of ConiaSoft&#039;s role in shaping the digital transformation landscape.\" \/>\n<meta property=\"og:url\" content=\"https:\/\/coniasoft.com\/en\/baskanin-mesaji\/\" \/>\n<meta property=\"og:site_name\" content=\"Conia Soft\" \/>\n<meta property=\"article:modified_time\" content=\"2024-10-03T08:00:26+00:00\" \/>\n<meta property=\"og:image\" content=\"http:\/\/217.154.121.85wp-content\/uploads\/2023\/06\/sakir-1476x2048-1.png\" \/>\n<meta name=\"twitter:card\" content=\"summary_large_image\" \/>\n<meta name=\"twitter:label1\" content=\"Est. reading time\" \/>\n\t<meta name=\"twitter:data1\" content=\"2 minutes\" \/>\n<script type=\"application\/ld+json\" class=\"yoast-schema-graph\">{\"@context\":\"https:\/\/schema.org\",\"@graph\":[{\"@type\":\"WebPage\",\"@id\":\"https:\/\/coniasoft.com\/baskanin-mesaji\/\",\"url\":\"https:\/\/coniasoft.com\/baskanin-mesaji\/\",\"name\":\"Ba\u015fkan\u0131n Mesaj\u0131 - Conia Soft\",\"isPartOf\":{\"@id\":\"https:\/\/coniasoft.com\/en\/#website\"},\"primaryImageOfPage\":{\"@id\":\"https:\/\/coniasoft.com\/baskanin-mesaji\/#primaryimage\"},\"image\":{\"@id\":\"https:\/\/coniasoft.com\/baskanin-mesaji\/#primaryimage\"},\"thumbnailUrl\":\"http:\/\/217.154.121.85wp-content\/uploads\/2023\/06\/sakir-1476x2048-1.png\",\"datePublished\":\"2023-07-18T11:53:03+00:00\",\"dateModified\":\"2024-10-03T08:00:26+00:00\",\"description\":\"Read the inspiring message from ConiaSoft\u2019s President, Dr. Sakir Yavuz, as he shares the vision and future of ConiaSoft's role in shaping the digital transformation landscape.\",\"breadcrumb\":{\"@id\":\"https:\/\/coniasoft.com\/baskanin-mesaji\/#breadcrumb\"},\"inLanguage\":\"en-US\",\"potentialAction\":[{\"@type\":\"ReadAction\",\"target\":[\"https:\/\/coniasoft.com\/baskanin-mesaji\/\"]}]},{\"@type\":\"ImageObject\",\"inLanguage\":\"en-US\",\"@id\":\"https:\/\/coniasoft.com\/baskanin-mesaji\/#primaryimage\",\"url\":\"http:\/\/217.154.121.85wp-content\/uploads\/2023\/06\/sakir-1476x2048-1.png\",\"contentUrl\":\"http:\/\/217.154.121.85wp-content\/uploads\/2023\/06\/sakir-1476x2048-1.png\"},{\"@type\":\"BreadcrumbList\",\"@id\":\"https:\/\/coniasoft.com\/baskanin-mesaji\/#breadcrumb\",\"itemListElement\":[{\"@type\":\"ListItem\",\"position\":1,\"name\":\"Home\",\"item\":\"https:\/\/coniasoft.com\/\"},{\"@type\":\"ListItem\",\"position\":2,\"name\":\"Ba\u015fkan\u0131n Mesaj\u0131\"}]},{\"@type\":\"WebSite\",\"@id\":\"https:\/\/coniasoft.com\/en\/#website\",\"url\":\"https:\/\/coniasoft.com\/en\/\",\"name\":\"Conia Soft\",\"description\":\"Software Packages for all IT Solutions\",\"publisher\":{\"@id\":\"https:\/\/coniasoft.com\/en\/#organization\"},\"potentialAction\":[{\"@type\":\"SearchAction\",\"target\":{\"@type\":\"EntryPoint\",\"urlTemplate\":\"https:\/\/coniasoft.com\/en\/?s={search_term_string}\"},\"query-input\":\"required name=search_term_string\"}],\"inLanguage\":\"en-US\"},{\"@type\":\"Organization\",\"@id\":\"https:\/\/coniasoft.com\/en\/#organization\",\"name\":\"Conia Soft\",\"url\":\"https:\/\/coniasoft.com\/en\/\",\"logo\":{\"@type\":\"ImageObject\",\"inLanguage\":\"en-US\",\"@id\":\"https:\/\/coniasoft.com\/en\/#\/schema\/logo\/image\/\",\"url\":\"http:\/\/217.154.121.85demo\/wp-content\/uploads\/2021\/04\/conia-2-1.png\",\"contentUrl\":\"http:\/\/217.154.121.85demo\/wp-content\/uploads\/2021\/04\/conia-2-1.png\",\"width\":5243,\"height\":1200,\"caption\":\"Conia Soft\"},\"image\":{\"@id\":\"https:\/\/coniasoft.com\/en\/#\/schema\/logo\/image\/\"}}]}<\/script>\n<!-- \/ Yoast SEO plugin. -->","yoast_head_json":{"title":"Ba\u015fkan\u0131n Mesaj\u0131 - Conia Soft","description":"Read the inspiring message from ConiaSoft\u2019s President, Dr. Sakir Yavuz, as he shares the vision and future of ConiaSoft's role in shaping the digital transformation landscape.","robots":{"index":"index","follow":"follow","max-snippet":"max-snippet:-1","max-image-preview":"max-image-preview:large","max-video-preview":"max-video-preview:-1"},"canonical":"https:\/\/coniasoft.com\/en\/baskanin-mesaji\/","og_locale":"en_US","og_type":"article","og_title":"Ba\u015fkan\u0131n Mesaj\u0131 - Conia Soft","og_description":"Read the inspiring message from ConiaSoft\u2019s President, Dr. Sakir Yavuz, as he shares the vision and future of ConiaSoft's role in shaping the digital transformation landscape.","og_url":"https:\/\/coniasoft.com\/en\/baskanin-mesaji\/","og_site_name":"Conia Soft","article_modified_time":"2024-10-03T08:00:26+00:00","og_image":[{"url":"http:\/\/217.154.121.85wp-content\/uploads\/2023\/06\/sakir-1476x2048-1.png"}],"twitter_card":"summary_large_image","twitter_misc":{"Est. reading time":"2 minutes"},"schema":{"@context":"https:\/\/schema.org","@graph":[{"@type":"WebPage","@id":"https:\/\/coniasoft.com\/baskanin-mesaji\/","url":"https:\/\/coniasoft.com\/baskanin-mesaji\/","name":"Ba\u015fkan\u0131n Mesaj\u0131 - Conia Soft","isPartOf":{"@id":"https:\/\/coniasoft.com\/en\/#website"},"primaryImageOfPage":{"@id":"https:\/\/coniasoft.com\/baskanin-mesaji\/#primaryimage"},"image":{"@id":"https:\/\/coniasoft.com\/baskanin-mesaji\/#primaryimage"},"thumbnailUrl":"http:\/\/217.154.121.85wp-content\/uploads\/2023\/06\/sakir-1476x2048-1.png","datePublished":"2023-07-18T11:53:03+00:00","dateModified":"2024-10-03T08:00:26+00:00","description":"Read the inspiring message from ConiaSoft\u2019s President, Dr. Sakir Yavuz, as he shares the vision and future of ConiaSoft's role in shaping the digital transformation landscape.","breadcrumb":{"@id":"https:\/\/coniasoft.com\/baskanin-mesaji\/#breadcrumb"},"inLanguage":"en-US","potentialAction":[{"@type":"ReadAction","target":["https:\/\/coniasoft.com\/baskanin-mesaji\/"]}]},{"@type":"ImageObject","inLanguage":"en-US","@id":"https:\/\/coniasoft.com\/baskanin-mesaji\/#primaryimage","url":"http:\/\/217.154.121.85wp-content\/uploads\/2023\/06\/sakir-1476x2048-1.png","contentUrl":"http:\/\/217.154.121.85wp-content\/uploads\/2023\/06\/sakir-1476x2048-1.png"},{"@type":"BreadcrumbList","@id":"https:\/\/coniasoft.com\/baskanin-mesaji\/#breadcrumb","itemListElement":[{"@type":"ListItem","position":1,"name":"Home","item":"https:\/\/coniasoft.com\/"},{"@type":"ListItem","position":2,"name":"Ba\u015fkan\u0131n Mesaj\u0131"}]},{"@type":"WebSite","@id":"https:\/\/coniasoft.com\/en\/#website","url":"https:\/\/coniasoft.com\/en\/","name":"Conia Soft","description":"Software Packages for all IT Solutions","publisher":{"@id":"https:\/\/coniasoft.com\/en\/#organization"},"potentialAction":[{"@type":"SearchAction","target":{"@type":"EntryPoint","urlTemplate":"https:\/\/coniasoft.com\/en\/?s={search_term_string}"},"query-input":"required name=search_term_string"}],"inLanguage":"en-US"},{"@type":"Organization","@id":"https:\/\/coniasoft.com\/en\/#organization","name":"Conia Soft","url":"https:\/\/coniasoft.com\/en\/","logo":{"@type":"ImageObject","inLanguage":"en-US","@id":"https:\/\/coniasoft.com\/en\/#\/schema\/logo\/image\/","url":"http:\/\/217.154.121.85demo\/wp-content\/uploads\/2021\/04\/conia-2-1.png","contentUrl":"http:\/\/217.154.121.85demo\/wp-content\/uploads\/2021\/04\/conia-2-1.png","width":5243,"height":1200,"caption":"Conia Soft"},"image":{"@id":"https:\/\/coniasoft.com\/en\/#\/schema\/logo\/image\/"}}]}},"_links":{"self":[{"href":"https:\/\/coniasoft.com\/en\/wp-json\/wp\/v2\/pages\/15643","targetHints":{"allow":["GET"]}}],"collection":[{"href":"https:\/\/coniasoft.com\/en\/wp-json\/wp\/v2\/pages"}],"about":[{"href":"https:\/\/coniasoft.com\/en\/wp-json\/wp\/v2\/types\/page"}],"author":[{"embeddable":true,"href":"https:\/\/coniasoft.com\/en\/wp-json\/wp\/v2\/users\/1"}],"replies":[{"embeddable":true,"href":"https:\/\/coniasoft.com\/en\/wp-json\/wp\/v2\/comments?post=15643"}],"version-history":[{"count":32,"href":"https:\/\/coniasoft.com\/en\/wp-json\/wp\/v2\/pages\/15643\/revisions"}],"predecessor-version":[{"id":20427,"href":"https:\/\/coniasoft.com\/en\/wp-json\/wp\/v2\/pages\/15643\/revisions\/20427"}],"wp:attachment":[{"href":"https:\/\/coniasoft.com\/en\/wp-json\/wp\/v2\/media?parent=15643"}],"curies":[{"name":"wp","href":"https:\/\/api.w.org\/{rel}","templated":true}]}}